{"id":1121,"date":"2025-07-09T20:05:11","date_gmt":"2025-07-09T19:05:11","guid":{"rendered":"https:\/\/lemuseedelacolo.fr\/?page_id=1121"},"modified":"2025-07-09T20:05:11","modified_gmt":"2025-07-09T19:05:11","slug":"2025-07-un-anniversaire-a-organiser","status":"publish","type":"page","link":"https:\/\/lemuseedelacolo.fr\/?page_id=1121","title":{"rendered":"2025 -07 : un anniversaire \u00e0 organiser"},"content":{"rendered":"\n<p>Dans un an, en juillet 2026, les colonies de vacances vont f\u00eater leurs 150 ans. C&rsquo;est en 1876, que le Pasteur Bion a eu l&rsquo;id\u00e9e d&#8217;emmener des enfants suisses \u00e0 la campagne pendant les vacances, pour qu&rsquo;ils grandissent et grossissent.<\/p>\n\n\n\n<p>Des colonies de vacances ont tr\u00e8s vite \u00e9t\u00e9 organis\u00e9es dans de nombreux pays. Ce sont des millions d&rsquo;enfants qui ont pu en b\u00e9n\u00e9ficier.<\/p>\n\n\n\n<p>Aujourd&rsquo;hui, en France, les colonies de vacances existent toujours, m\u00eame si les effectifs sont en baisse depuis des d\u00e9cennies. Si les objectifs ont chang\u00e9, il est s\u00fbr que de nombreux enfants ne partent pas en vacances. Ce dispositif devrait \u00eatre relanc\u00e9 efficacement afin de permettre au moins \u00e0 ces enfants d&rsquo;avoir un minimum de 2 semaines de vacances, \u00e0 des tarifs abordables.<\/p>\n\n\n\n<p>Il serait aussi dommage de rater cet anniversaire. Le secteur de l&rsquo;animation sociale et socioculturelle et le secteur de l&rsquo;Education Populaire (Ils se regroupent, suivant les d\u00e9finitions) ne devraient pas laisser passer l&rsquo;occasion d&rsquo;aborder \u00ab\u00a0ensemble\u00a0\u00bb (\u00e7a c&rsquo;est un mot qui \u00e9tait chant\u00e9 dans les colos : de William L\u00e9mit \u00e0 Jean-Jacques Goldman) une manifestation associant le terrain et les chercheurs afin de faire parler des colos&#8230; Une manifestation qui devrait au moins \u00eatre europ\u00e9enne.<\/p>\n\n\n\n<p>Pour d\u00e9marrer, je propose que les anciens colons ou monos, prennent leur plume pour r\u00e9diger leurs souvenirs (entre 1\/2 et 5 pages maxi). Le Mus\u00e9e mettra ces docs sur le site et on les regroupera pour les envoyer \u00e0 nos \u00e9lus, afin qu&rsquo;ils bougent un peu pour soutenir les colos.<\/p>\n\n\n\n<p>Et ce serait bien si des universit\u00e9s, des IUT carri\u00e8res sociales, des centres de formation, des groupements d&rsquo;organisateurs&#8230; d\u00e9cidaient d&rsquo;agir pour essayer d&rsquo;organiser quelque chose. Ce serait encourageant d&rsquo;essayer donner un avenir aux colos, ce serait sympa d&rsquo;\u00eatre \u00e0 plusieurs au moment de souffler les bougies (surtout s&rsquo;il faut en \u00e9teindre 150) !<\/p>\n\n\n\n<p><\/p>\n","protected":false},"excerpt":{"rendered":"<p>Dans un an, en juillet 2026, les colonies de vacances vont f\u00eater leurs 150 ans. C&rsquo;est en 1876, que le Pasteur Bion a eu l&rsquo;id\u00e9e d&#8217;emmener des enfants suisses \u00e0 la campagne pendant les vacances, pour qu&rsquo;ils grandissent et grossissent. Des colonies de vacances ont tr\u00e8s vite \u00e9t\u00e9 organis\u00e9es dans de nombreux pays. Ce sont [&hellip;]<\/p>\n","protected":false},"author":3,"featured_media":0,"parent":0,"menu_order":0,"comment_status":"closed","ping_status":"closed","template":"","meta":{"footnotes":""},"class_list":["post-1121","page","type-page","status-publish","hentry"],"_links":{"self":[{"href":"https:\/\/lemuseedelacolo.fr\/index.php?rest_route=\/wp\/v2\/pages\/1121","targetHints":{"allow":["GET"]}}],"collection":[{"href":"https:\/\/lemuseedelacolo.fr\/index.php?rest_route=\/wp\/v2\/pages"}],"about":[{"href":"https:\/\/lemuseedelacolo.fr\/index.php?rest_route=\/wp\/v2\/types\/page"}],"author":[{"embeddable":true,"href":"https:\/\/lemuseedelacolo.fr\/index.php?rest_route=\/wp\/v2\/users\/3"}],"replies":[{"embeddable":true,"href":"https:\/\/lemuseedelacolo.fr\/index.php?rest_route=%2Fwp%2Fv2%2Fcomments&post=1121"}],"version-history":[{"count":1,"href":"https:\/\/lemuseedelacolo.fr\/index.php?rest_route=\/wp\/v2\/pages\/1121\/revisions"}],"predecessor-version":[{"id":1122,"href":"https:\/\/lemuseedelacolo.fr\/index.php?rest_route=\/wp\/v2\/pages\/1121\/revisions\/1122"}],"wp:attachment":[{"href":"https:\/\/lemuseedelacolo.fr\/index.php?rest_route=%2Fwp%2Fv2%2Fmedia&parent=1121"}],"curies":[{"name":"wp","href":"https:\/\/api.w.org\/{rel}","templated":true}]}}