{"id":1100,"date":"2022-02-09T19:14:00","date_gmt":"2022-02-09T18:14:00","guid":{"rendered":"http:\/\/lemuseedelacolo.fr\/?page_id=1100"},"modified":"2025-07-09T19:35:09","modified_gmt":"2025-07-09T18:35:09","slug":"2022-02-le-retour-annonce-du-s-n-u","status":"publish","type":"page","link":"https:\/\/lemuseedelacolo.fr\/?page_id=1100","title":{"rendered":"2022 02 : le retour annonc\u00e9 du S.N.U.\u00a0"},"content":{"rendered":"\n<p>P\u00f4le emploi vient de commencer \u00e0 diffuser des offres d\u2019emploi pour l\u2019encadrement des s\u00e9jours du Service National Universel de juin et juillet 2022. Voil\u00e0 une bonne source d\u2019informations (et d\u2019inqui\u00e9tudes) qui n\u00e9cessite une petite recherche.<\/p>\n\n\n\n<p>Sur le site du S.N.U. du gouvernement, on apprend qu\u2019il y a un s\u00e9jour pr\u00e9vu du 13 au 25 f\u00e9vrier dans \u00ab&nbsp;31 centres r\u00e9partis dans la France enti\u00e8re&nbsp;\u00bb (mais ce s\u00e9jour ne concerne pas tous les territoires outre-mer) et que \u00ab&nbsp;les inscriptions pour les s\u00e9jours de juin et juillet se poursuivent jusqu\u2019au 31 mars&nbsp;\u00bb.<\/p>\n\n\n\n<p>En plus du s\u00e9jour de f\u00e9vrier, il y aura un s\u00e9jour du 12 au 24 juin et un autre du 3 au 15 juillet. Les s\u00e9jours de f\u00e9vrier devraient accueillir 3&nbsp;000 volontaires. Le S.N.U. s\u2019adresse \u00e0 tous les jeunes fran\u00e7ais de 15 \u00e0 17 ans.<\/p>\n\n\n\n<p>Pour ce qui est de l\u2019obligation de l\u2019instruction et des absences&nbsp;: \u00ab&nbsp;<em>Et cette ann\u00e9e, si vous \u00eates en 2de g\u00e9n\u00e9rale, technologique et professionnelle, vous \u00eates de plein droit autoris\u00e9 \u00e0 participer au s\u00e9jour de coh\u00e9sion y compris sur le temps scolaire (f\u00e9vrier ou juin) \u00e0 condition d\u2019avoir compl\u00e9t\u00e9 votre inscription bien s\u00fbr<\/em>.&nbsp;\u00bb<a href=\"#_ftn1\" id=\"_ftnref1\">[1]<\/a> Pr\u00e9cision sur l\u2019\u00e9t\u00e9 dernier ou il y a eu des colonies apprenantes qui ont commenc\u00e9 d\u00e9but juillet alors que l\u2019ann\u00e9e scolaire n\u2019\u00e9tait pas termin\u00e9e, autrement dit que des enfants ont fait l\u2019\u00e9cole buissonni\u00e8re pour aller en colo apprenante&nbsp;!<\/p>\n\n\n\n<p>Est-ce vraiment ouvert \u00e0 tout le monde&nbsp;? Quid des redoublants&nbsp;?<\/p>\n\n\n\n<p>Voyons les qualifications des encadrants du SNU et qui justifieraient cette absence de scolarit\u00e9. J\u2019ai regard\u00e9 les offres d\u2019emploi dans les Alpes-Maritimes. Elles sont de trois niveaux&nbsp;:<\/p>\n\n\n\n<ul class=\"wp-block-list\"><li><strong>Directeur\/trice de centre d\u00e9partemental du Service National Universel<\/strong>. Il exerce dans quatre domaines&nbsp;: chef d\u2019\u00e9tablissement, chef d\u2019organisme&nbsp;; responsable p\u00e9dagogique&nbsp;; responsable de la discipline g\u00e9n\u00e9rale&nbsp;; responsable de la logistique g\u00e9n\u00e9rale et du soutien. Il est n\u00e9cessaire d\u2019\u00eatre disponible du 6 au 11 juin (6 jours de formation) puis aux dates de l\u2019un ou l\u2019autre s\u00e9jour. Il s\u2019agit d\u2019un Contrat d\u2019Engagement Educatif<a href=\"#_ftn2\" id=\"_ftnref2\">[2]<\/a> de 18 jours pour un salaire de 137,60 \u20ac brut par jour. La formation demand\u00e9e est bac ou \u00e9quivalent socioculturel \u2013 titre\/de animation\/sport\/encadrement. Il s\u2019agit d\u2019un emploi non qualifi\u00e9, dans le secteur de l\u2019administration publique. Les d\u00e9butants sont accept\u00e9s&nbsp;;<\/li><li><strong>Cadre de compagnie H\/F de centre du service national Universel<\/strong>. Il exerce, lui aussi, dans quatre domaines&nbsp;: encadrement d\u2019un groupe de maisonn\u00e9es&nbsp;; d\u00e9mocratie interne et \u00e9ducation \u00e0 la citoyennet\u00e9&nbsp;; D\u00e9veloppement du sens du service et de la solidarit\u00e9&nbsp;; interventions ponctuelle dans les modules collectifs de formation. Il est n\u00e9cessaire d\u2019\u00eatre disponible du 6 au 11 juin (6 jours de formation) puis aux dates de l\u2019un ou l\u2019autre s\u00e9jour. Il s\u2019agit d\u2019un Contrat d\u2019Engagement Educatif de 18 jours pour un salaire de 91,90 \u20ac brut par jour. La formation demand\u00e9e est bac ou \u00e9quivalent socioculturel \u2013 titre\/de animation\/sport\/encadrement. Il s\u2019agit d\u2019un emploi non qualifi\u00e9, dans le secteur de l\u2019administration publique. Les d\u00e9butants sont accept\u00e9s&nbsp;;<\/li><li><strong>Tuteur\/tutrice de Maisonn\u00e9e<\/strong>. Il exerce dans 5 domaines&nbsp;: accueil et accompagnement des volontaires&nbsp;; organisation et discipline de la vie courante&nbsp;; organisation de la vie d\u00e9mocratique et citoyenne&nbsp;; cr\u00e9ation de coh\u00e9sion et d\u2019esprit de maisonn\u00e9e&nbsp;; garantie de la s\u00e9curit\u00e9 physique et morale des volontaires. Il est n\u00e9cessaire d\u2019\u00eatre disponible du 6 au 11 juin (6 jours de formation) puis aux dates de l\u2019un ou l\u2019autre s\u00e9jour. Il s\u2019agit d\u2019un Contrat d\u2019Engagement Educatif de 18 jours pour un salaire de 68,90 \u20ac brut par jour. La formation demand\u00e9e est bac ou \u00e9quivalent socioculturel \u2013 Bafa ou Bafd exig\u00e9. Il s\u2019agit d\u2019un emploi qualifi\u00e9, dans le secteur de l\u2019administration publique. Une exp\u00e9rience de 6 mois est indispensable.<\/li><\/ul>\n\n\n\n<p>Il y a de quoi \u00eatre surpris&nbsp;! Tout d\u2019abord le S.N.U. est bien consid\u00e9r\u00e9 comme une colonie de vacances comme le montre l\u2019emploi du Contrat d\u2019Engagement Educatif pour les contrats des personnels. Ensuite, le recrutement est plus exigeant pour les personnels les moins bien pay\u00e9s qui doivent \u00eatre titulaires de brevets sp\u00e9cifiques et avoir de l\u2019exp\u00e9rience, ce qui n\u2019est pas demand\u00e9 pour les cadres&nbsp;! Enfin le recrutement tr\u00e8s momentan\u00e9 (juste le temps du s\u00e9jour) pour l\u2019ensemble des personnels met en \u00e9vidence le manque de coh\u00e9sion globale. Quel est le projet de l\u2019\u00e9quipe&nbsp;(si \u00e9quipe il y a) ? On peut aussi \u00eatre surpris qu\u2019il ne soit pas sp\u00e9cifi\u00e9 que le port d\u2019un uniforme est obligatoire, y compris pour les personnels.<\/p>\n\n\n\n<p>En fait, tel quel, le S.N.U., c\u2019est juste une mauvaise colo pour ados avec des intervenants qui remplacent les activit\u00e9s ludiques (ou de consommation) que l\u2019on pourrait trouver dans n\u2019importe quel s\u00e9jour organis\u00e9 par une soci\u00e9t\u00e9 \u00e0 but commercial organisant des s\u00e9jours pour mineurs. Les animateurs sont les accompagnateurs des groupes qui passent d\u2019une activit\u00e9 \u00e0 l\u2019autre et g\u00e8rent plus ou moins la vie quotidienne.<\/p>\n\n\n\n<p>Dernier d\u00e9tail sur le S.N.U. et que l\u2019on peut lire sur le site d\u00e9di\u00e9, le S.N.U. c\u2019est gratuit&nbsp;(voyage, s\u00e9jour, tenue\u2026) ! Si l\u2019\u00e9tat veut offrir des s\u00e9jours en colonies de vacances \u00e0 tous les enfants qui le d\u00e9sirent, si l\u2019\u00e9tat veut offrir des v\u00eatements \u00e0 tous les jeunes, nous en serions v\u00e9ritablement heureux. Mais dans ce cas, il faudrait laisser le choix aux jeunes et \u00e0 leurs parents. La parodie d\u2019un service national, qui ne ressemble plus \u00e0 la vague promesse d\u2019un candidat aux \u00e9lections pr\u00e9sidentielles, n\u2019a pas de sens sous cette forme.<\/p>\n\n\n\n<hr class=\"wp-block-separator\"\/>\n\n\n\n<p><a href=\"#_ftnref1\" id=\"_ftn1\">[1]<\/a> Site snu.gouv.fr\/les s\u00e9jours de coh\u00e9sion, f\u00e9vrier 2022<\/p>\n\n\n\n<p><a href=\"#_ftnref2\" id=\"_ftn2\">[2]<\/a> Selon le site service-public.fr en f\u00e9vrier 2022, \u00ab&nbsp;Le contrat d&rsquo;engagement \u00e9ducatif (CEE) est destin\u00e9 aux personnes qui exercent, de fa\u00e7on occasionnelle, des fonctions d&rsquo;animation et d&rsquo;encadrement dans des accueils collectifs de mineurs. Par exemple, dans un centre ou une colonie de vacances. Il s&rsquo;agit d&rsquo;un contrat particulier. Il s&rsquo;\u00e9carte des r\u00e8gles du droit du travail, notamment sur le temps de travail, le repos et la r\u00e9mun\u00e9ration. Le CEE est un contrat destin\u00e9 aux personnes qui ont une activit\u00e9 occasionnelle dans des accueils collectifs de mineurs pour les fonctions suivantes&nbsp;: animateur&nbsp;; \u00e9ducateur&nbsp;; directeur. Il est pass\u00e9 avec des mairies ou des associations qui organisent des colonies de vacances, des centres de vacances ou de loisirs pour mineurs.&nbsp;\u00bb<\/p>\n","protected":false},"excerpt":{"rendered":"<p>P\u00f4le emploi vient de commencer \u00e0 diffuser des offres d\u2019emploi pour l\u2019encadrement des s\u00e9jours du Service National Universel de juin et juillet 2022. Voil\u00e0 une bonne source d\u2019informations (et d\u2019inqui\u00e9tudes) qui n\u00e9cessite une petite recherche. Sur le site du S.N.U. du gouvernement, on apprend qu\u2019il y a un s\u00e9jour pr\u00e9vu du 13 au 25 f\u00e9vrier [&hellip;]<\/p>\n","protected":false},"author":3,"featured_media":0,"parent":282,"menu_order":0,"comment_status":"closed","ping_status":"closed","template":"","meta":{"footnotes":""},"class_list":["post-1100","page","type-page","status-publish","hentry"],"_links":{"self":[{"href":"https:\/\/lemuseedelacolo.fr\/index.php?rest_route=\/wp\/v2\/pages\/1100","targetHints":{"allow":["GET"]}}],"collection":[{"href":"https:\/\/lemuseedelacolo.fr\/index.php?rest_route=\/wp\/v2\/pages"}],"about":[{"href":"https:\/\/lemuseedelacolo.fr\/index.php?rest_route=\/wp\/v2\/types\/page"}],"author":[{"embeddable":true,"href":"https:\/\/lemuseedelacolo.fr\/index.php?rest_route=\/wp\/v2\/users\/3"}],"replies":[{"embeddable":true,"href":"https:\/\/lemuseedelacolo.fr\/index.php?rest_route=%2Fwp%2Fv2%2Fcomments&post=1100"}],"version-history":[{"count":1,"href":"https:\/\/lemuseedelacolo.fr\/index.php?rest_route=\/wp\/v2\/pages\/1100\/revisions"}],"predecessor-version":[{"id":1101,"href":"https:\/\/lemuseedelacolo.fr\/index.php?rest_route=\/wp\/v2\/pages\/1100\/revisions\/1101"}],"up":[{"embeddable":true,"href":"https:\/\/lemuseedelacolo.fr\/index.php?rest_route=\/wp\/v2\/pages\/282"}],"wp:attachment":[{"href":"https:\/\/lemuseedelacolo.fr\/index.php?rest_route=%2Fwp%2Fv2%2Fmedia&parent=1100"}],"curies":[{"name":"wp","href":"https:\/\/api.w.org\/{rel}","templated":true}]}}