{"id":1093,"date":"2021-12-22T19:17:04","date_gmt":"2021-12-22T18:17:04","guid":{"rendered":"http:\/\/lemuseedelacolo.fr\/?page_id=1093"},"modified":"2021-12-22T19:17:04","modified_gmt":"2021-12-22T18:17:04","slug":"archives-2020","status":"publish","type":"page","link":"https:\/\/lemuseedelacolo.fr\/?page_id=1093","title":{"rendered":"Archives 2020"},"content":{"rendered":"\n<p>L&rsquo;ann\u00e9e 2020 a \u00e9t\u00e9 marqu\u00e9e par les colonies de vacances \u00ab\u00a0\u00e9ducatives\u00a0\u00bb du minist\u00e8re en charge de la jeunesse et par le Service national universel<\/p>\n","protected":false},"excerpt":{"rendered":"<p>L&rsquo;ann\u00e9e 2020 a \u00e9t\u00e9 marqu\u00e9e par les colonies de vacances \u00ab\u00a0\u00e9ducatives\u00a0\u00bb du minist\u00e8re en charge de la jeunesse et par le Service national universel<\/p>\n","protected":false},"author":3,"featured_media":0,"parent":282,"menu_order":0,"comment_status":"closed","ping_status":"closed","template":"","meta":{"footnotes":""},"class_list":["post-1093","page","type-page","status-publish","hentry"],"_links":{"self":[{"href":"https:\/\/lemuseedelacolo.fr\/index.php?rest_route=\/wp\/v2\/pages\/1093","targetHints":{"allow":["GET"]}}],"collection":[{"href":"https:\/\/lemuseedelacolo.fr\/index.php?rest_route=\/wp\/v2\/pages"}],"about":[{"href":"https:\/\/lemuseedelacolo.fr\/index.php?rest_route=\/wp\/v2\/types\/page"}],"author":[{"embeddable":true,"href":"https:\/\/lemuseedelacolo.fr\/index.php?rest_route=\/wp\/v2\/users\/3"}],"replies":[{"embeddable":true,"href":"https:\/\/lemuseedelacolo.fr\/index.php?rest_route=%2Fwp%2Fv2%2Fcomments&post=1093"}],"version-history":[{"count":1,"href":"https:\/\/lemuseedelacolo.fr\/index.php?rest_route=\/wp\/v2\/pages\/1093\/revisions"}],"predecessor-version":[{"id":1094,"href":"https:\/\/lemuseedelacolo.fr\/index.php?rest_route=\/wp\/v2\/pages\/1093\/revisions\/1094"}],"up":[{"embeddable":true,"href":"https:\/\/lemuseedelacolo.fr\/index.php?rest_route=\/wp\/v2\/pages\/282"}],"wp:attachment":[{"href":"https:\/\/lemuseedelacolo.fr\/index.php?rest_route=%2Fwp%2Fv2%2Fmedia&parent=1093"}],"curies":[{"name":"wp","href":"https:\/\/api.w.org\/{rel}","templated":true}]}}