{"id":1090,"date":"2021-12-22T19:12:08","date_gmt":"2021-12-22T18:12:08","guid":{"rendered":"http:\/\/lemuseedelacolo.fr\/?page_id=1090"},"modified":"2025-07-09T19:32:53","modified_gmt":"2025-07-09T18:32:53","slug":"2021-12-un-podcast-sur-le-musee-et-lhistoire-des-colos","status":"publish","type":"page","link":"https:\/\/lemuseedelacolo.fr\/?page_id=1090","title":{"rendered":"2021 12 : un podcast sur le Mus\u00e9e et l&rsquo;histoire des colos"},"content":{"rendered":"\n<p>Pour rendre l&rsquo;histoire des colos un peu plus vivante, Hugo Malterre, du site Parlonspeda.fr a questionn\u00e9 Eric Carton sur les origines du mus\u00e9e de la colo, son fonctionnement&#8230;<\/p>\n\n\n\n<p>Pour pouvez retrouver ce podcast sur le site parlonspeda.fr \u00e0 la page histoire-colo.<\/p>\n\n\n\n<p>Vous pouvez aider le Mus\u00e9e de la Colo. Si vous avez des documents sur les colonies de vacances, r\u00e9cents ou anciens, des objets , des traces de toutes sortes (cartes postales, catalogues, lettres), des livres, des photos&#8230; ne les laissez pas dispara\u00eetre. Envoyez les nous, nous les mettrons \u00e0 la disposition des chercheurs, mais aussi d&rsquo;autres anciens colons ou animateurs. Par avance, merci<\/p>\n\n\n\n<p>  <\/p>\n","protected":false},"excerpt":{"rendered":"<p>Pour rendre l&rsquo;histoire des colos un peu plus vivante, Hugo Malterre, du site Parlonspeda.fr a questionn\u00e9 Eric Carton sur les origines du mus\u00e9e de la colo, son fonctionnement&#8230; Pour pouvez retrouver ce podcast sur le site parlonspeda.fr \u00e0 la page histoire-colo. Vous pouvez aider le Mus\u00e9e de la Colo. Si vous avez des documents sur [&hellip;]<\/p>\n","protected":false},"author":3,"featured_media":0,"parent":282,"menu_order":0,"comment_status":"closed","ping_status":"closed","template":"","meta":{"footnotes":""},"class_list":["post-1090","page","type-page","status-publish","hentry"],"_links":{"self":[{"href":"https:\/\/lemuseedelacolo.fr\/index.php?rest_route=\/wp\/v2\/pages\/1090","targetHints":{"allow":["GET"]}}],"collection":[{"href":"https:\/\/lemuseedelacolo.fr\/index.php?rest_route=\/wp\/v2\/pages"}],"about":[{"href":"https:\/\/lemuseedelacolo.fr\/index.php?rest_route=\/wp\/v2\/types\/page"}],"author":[{"embeddable":true,"href":"https:\/\/lemuseedelacolo.fr\/index.php?rest_route=\/wp\/v2\/users\/3"}],"replies":[{"embeddable":true,"href":"https:\/\/lemuseedelacolo.fr\/index.php?rest_route=%2Fwp%2Fv2%2Fcomments&post=1090"}],"version-history":[{"count":1,"href":"https:\/\/lemuseedelacolo.fr\/index.php?rest_route=\/wp\/v2\/pages\/1090\/revisions"}],"predecessor-version":[{"id":1091,"href":"https:\/\/lemuseedelacolo.fr\/index.php?rest_route=\/wp\/v2\/pages\/1090\/revisions\/1091"}],"up":[{"embeddable":true,"href":"https:\/\/lemuseedelacolo.fr\/index.php?rest_route=\/wp\/v2\/pages\/282"}],"wp:attachment":[{"href":"https:\/\/lemuseedelacolo.fr\/index.php?rest_route=%2Fwp%2Fv2%2Fmedia&parent=1090"}],"curies":[{"name":"wp","href":"https:\/\/api.w.org\/{rel}","templated":true}]}}