{"id":1086,"date":"2021-07-12T14:13:47","date_gmt":"2021-07-12T13:13:47","guid":{"rendered":"http:\/\/lemuseedelacolo.fr\/?page_id=1086"},"modified":"2025-07-09T19:32:19","modified_gmt":"2025-07-09T18:32:19","slug":"2021-06-pour-le-redemarrage-des-colos","status":"publish","type":"page","link":"https:\/\/lemuseedelacolo.fr\/?page_id=1086","title":{"rendered":"2021 06 : pour le red\u00e9marrage des colos"},"content":{"rendered":"\n<p>D\u00e9but juin 2021, nous avons eu la confirmation de la possibilit\u00e9 de r\u00e9-ouvrir des colos durant l&rsquo;\u00e9t\u00e9. Celles-ci seront soumises \u00e0 un protocole tr\u00e8s stricte : <\/p>\n\n\n\n<p> \u00ab\u00a0Le PROTOCOLE SANITAIRE relatif aux accueils collectifs de mineurs avec h\u00e9bergement\u00a0\u00bb dat\u00e9 du 7 juin.<\/p>\n\n\n\n<p>Les organisateurs ont peu de temps pour se pr\u00e9parer \u00e0 ouvrir et \u00e0 adapter les s\u00e9jours. Il faut aussi former sp\u00e9cifiquement les \u00e9quipes.<\/p>\n\n\n\n<p>Un point m\u00e9rite d&rsquo;\u00eatre mis en avant : les s\u00e9jours pourront d\u00e9buter d\u00e8s le 20 juin, c&rsquo;est-\u00e0-dire avant que les enfants soient en vacances. Serait-ce une erreur ?<\/p>\n\n\n\n<p>Mais non, il s&rsquo;agit de permettre d&rsquo;organiser les s\u00e9jours du Service National Universel sous la r\u00e9glementation des colonies de vacances. Voudrait-on nous faire croire que les colos et l&rsquo;arm\u00e9e c&rsquo;est pareil ? O\u00f9 sont pass\u00e9es les promesse d&rsquo;organisation qui justifiaient le retour du service militaire (personnel qualifi\u00e9 (\u00e9ducateurs, enseignants, militaires..), suivi de tous les jeunes&#8230;) ? Elles ont \u00e9t\u00e9 remplac\u00e9es par une sorte de camp d&rsquo;ados avec lever du drapeau et d\u00e9fil\u00e9.<\/p>\n\n\n\n<p>Le plus curieux, c&rsquo;est qu&rsquo;alors que le Minist\u00e8re de l&rsquo;Education Nationale (et des colos) veut faire des colos apprenantes pour que les enfants \u00ab\u00a0apprennent en colos ce qu&rsquo;ils n&rsquo;auraient pas vu \u00e0 l&rsquo;\u00e9cole (pour cause de Covid) \u00ab\u00a0, il pr\u00e9voit non pas d&rsquo;arr\u00eater les \u00e9coles plus t\u00f4t, mais il permet aux enfants et aux jeunes de partir en vacances avant la fin l&rsquo;ann\u00e9e scolaire.  J&rsquo;avoue ne pas tout comprendre dans la strat\u00e9gie du gouvernement !<\/p>\n\n\n\n<p>Retenons ce qui est important, de nombreuses colos auront lieu cet \u00e9t\u00e9. Nous esp\u00e9rons que le plus d&rsquo;enfants possibles pourront partir en vacances que ce soit en famille ou dans des s\u00e9jours collectifs. Les enfants en ont bien besoin.<\/p>\n","protected":false},"excerpt":{"rendered":"<p>D\u00e9but juin 2021, nous avons eu la confirmation de la possibilit\u00e9 de r\u00e9-ouvrir des colos durant l&rsquo;\u00e9t\u00e9. Celles-ci seront soumises \u00e0 un protocole tr\u00e8s stricte : \u00ab\u00a0Le PROTOCOLE SANITAIRE relatif aux accueils collectifs de mineurs avec h\u00e9bergement\u00a0\u00bb dat\u00e9 du 7 juin. Les organisateurs ont peu de temps pour se pr\u00e9parer \u00e0 ouvrir et \u00e0 adapter [&hellip;]<\/p>\n","protected":false},"author":3,"featured_media":0,"parent":282,"menu_order":0,"comment_status":"closed","ping_status":"closed","template":"","meta":{"footnotes":""},"class_list":["post-1086","page","type-page","status-publish","hentry"],"_links":{"self":[{"href":"https:\/\/lemuseedelacolo.fr\/index.php?rest_route=\/wp\/v2\/pages\/1086","targetHints":{"allow":["GET"]}}],"collection":[{"href":"https:\/\/lemuseedelacolo.fr\/index.php?rest_route=\/wp\/v2\/pages"}],"about":[{"href":"https:\/\/lemuseedelacolo.fr\/index.php?rest_route=\/wp\/v2\/types\/page"}],"author":[{"embeddable":true,"href":"https:\/\/lemuseedelacolo.fr\/index.php?rest_route=\/wp\/v2\/users\/3"}],"replies":[{"embeddable":true,"href":"https:\/\/lemuseedelacolo.fr\/index.php?rest_route=%2Fwp%2Fv2%2Fcomments&post=1086"}],"version-history":[{"count":1,"href":"https:\/\/lemuseedelacolo.fr\/index.php?rest_route=\/wp\/v2\/pages\/1086\/revisions"}],"predecessor-version":[{"id":1087,"href":"https:\/\/lemuseedelacolo.fr\/index.php?rest_route=\/wp\/v2\/pages\/1086\/revisions\/1087"}],"up":[{"embeddable":true,"href":"https:\/\/lemuseedelacolo.fr\/index.php?rest_route=\/wp\/v2\/pages\/282"}],"wp:attachment":[{"href":"https:\/\/lemuseedelacolo.fr\/index.php?rest_route=%2Fwp%2Fv2%2Fmedia&parent=1086"}],"curies":[{"name":"wp","href":"https:\/\/api.w.org\/{rel}","templated":true}]}}