{"id":1083,"date":"2021-03-14T21:05:39","date_gmt":"2021-03-14T20:05:39","guid":{"rendered":"http:\/\/lemuseedelacolo.fr\/?page_id=1083"},"modified":"2024-03-15T17:04:39","modified_gmt":"2024-03-15T16:04:39","slug":"2021-01-le-rattachement-de-la-jeunesse-a-leducation-nationale","status":"publish","type":"page","link":"https:\/\/lemuseedelacolo.fr\/?page_id=1083","title":{"rendered":"2021 01 : Le rattachement de la jeunesse \u00e0 l&rsquo;\u00e9ducation nationale"},"content":{"rendered":"\n<p>On avait bien compris, en regardant l&rsquo;organisation des minist\u00e8res, que le ministre (ou le  secr\u00e9taire d&rsquo;Etat) en charge de la jeunesse \u00e9tait rattach\u00e9 au minist\u00e8re de l&rsquo;\u00e9ducation nationale. Il nous restait l&rsquo;espoir que cela soit provisoire. H\u00e9las, ce mois-ci, ce sont les personnels du minist\u00e8re en charge de la jeunesse qui vienne d&rsquo;\u00eatre rattach\u00e9. Ce sera donc dur de revenir en arri\u00e8re. Et pourtant&#8230;<\/p>\n\n\n\n<p>Certes, mettre la Jeunesse avec l&rsquo;Education nationale peut sembler coh\u00e9rent, mais c&rsquo;est l\u00e0 m\u00e9conna\u00eetre \u00ab\u00a0la Jeunesse\u00a0\u00bb. Nous voil\u00e0 revenus comme en 1945 ! En fait, par Jeunesse, il ne faut pas entendre uniquement les jeunes (et encore, jusqu&rsquo;\u00e0 quel age ?) mais tout ce qui y est rattach\u00e9 comme l&rsquo;animation (dont l&rsquo;animation sociale), la formation des animateurs, les loisirs, la vie associative, l&rsquo;\u00e9ducation populaire&#8230; Est-ce que l&rsquo;Education Nationale pourrait g\u00e9rer tout cela ?<\/p>\n\n\n\n<p>Va-t-on voir des inspecteurs de l&rsquo;\u00e9ducation nationale valider des s\u00e9ances d&rsquo;animation dans un Ehpad ? Va-t-on relancer les d\u00e9bats entre enseignement et formation d&rsquo;adultes ? va-t-on enfermer dans les lyc\u00e9es des jeunes en \u00e9chec scolaire ? va-t-on demander \u00e0 l&rsquo;\u00e9ducation nationale de g\u00e9rer des associations (des vraies, avec une vie d\u00e9mocratique ? Va-t-on permettre aux enfants d&rsquo;\u00eatre en vacances ?<\/p>\n\n\n\n<p>En r\u00e9alit\u00e9, il faut s&rsquo;inqui\u00e9ter. M. Blanquer a d\u00e9j\u00e0 utilis\u00e9 les services du minist\u00e8re en charge de la jeunesse, pour tenter de solutionner ses difficult\u00e9s. Ainsi, quant il a du mettre en place le service national (Universel), \u00e0 d\u00e9faut d&rsquo;avoir des militaires, des enseignants et des \u00e9ducateurs, il a \u00e9t\u00e9 puiser parmi les animateurs (avec le soutien de quelques \u00ab\u00a0associations\u00a0\u00bb du secteur, esp\u00e9rant vendre quelques prestations). Et il a renouvel\u00e9 l&rsquo;exp\u00e9rience quand l&rsquo;\u00e9cole a du \u00eatre ferm\u00e9e en tentant (avec les m\u00eames association ou presque) de faire l&rsquo;\u00e9cole dans les colos (devenues \u00e9ducatives, puis apprenantes !) pour rattraper les mois de fermeture.<\/p>\n\n\n\n<p>Maintenant que le minist\u00e8re de l&rsquo;\u00e9ducation nationale a r\u00e9-int\u00e9gr\u00e9 les personnels, il va pouvoir continuer ses petits arrangements. Nul doute, que le monde de l&rsquo;animation aura du mal \u00e0 trouver sa place, qu&rsquo;en sera-t-il des loisirs, des centres socioculturels, de toutes ces structures mettant en place des animations et qui vont se retrouver face \u00e0 de nombreuses difficult\u00e9s relationnelles avec des personnes n&rsquo;ayant pas la m\u00eame culture, le m\u00eame rythme de travail, les m\u00eames attentes&#8230;<\/p>\n\n\n\n<p>Juste pour le plaisir, imaginons que les rectorats, les inspections acad\u00e9miques&#8230; vont rester ouverts durant tout l&rsquo;\u00e9t\u00e9, pour faire face aux probl\u00e8mes qui pourraient se poser dans les accueils de loisirs.<\/p>\n","protected":false},"excerpt":{"rendered":"<p>On avait bien compris, en regardant l&rsquo;organisation des minist\u00e8res, que le ministre (ou le secr\u00e9taire d&rsquo;Etat) en charge de la jeunesse \u00e9tait rattach\u00e9 au minist\u00e8re de l&rsquo;\u00e9ducation nationale. Il nous restait l&rsquo;espoir que cela soit provisoire. H\u00e9las, ce mois-ci, ce sont les personnels du minist\u00e8re en charge de la jeunesse qui vienne d&rsquo;\u00eatre rattach\u00e9. Ce [&hellip;]<\/p>\n","protected":false},"author":3,"featured_media":0,"parent":282,"menu_order":0,"comment_status":"closed","ping_status":"closed","template":"","meta":{"footnotes":""},"class_list":["post-1083","page","type-page","status-publish","hentry"],"_links":{"self":[{"href":"https:\/\/lemuseedelacolo.fr\/index.php?rest_route=\/wp\/v2\/pages\/1083","targetHints":{"allow":["GET"]}}],"collection":[{"href":"https:\/\/lemuseedelacolo.fr\/index.php?rest_route=\/wp\/v2\/pages"}],"about":[{"href":"https:\/\/lemuseedelacolo.fr\/index.php?rest_route=\/wp\/v2\/types\/page"}],"author":[{"embeddable":true,"href":"https:\/\/lemuseedelacolo.fr\/index.php?rest_route=\/wp\/v2\/users\/3"}],"replies":[{"embeddable":true,"href":"https:\/\/lemuseedelacolo.fr\/index.php?rest_route=%2Fwp%2Fv2%2Fcomments&post=1083"}],"version-history":[{"count":1,"href":"https:\/\/lemuseedelacolo.fr\/index.php?rest_route=\/wp\/v2\/pages\/1083\/revisions"}],"predecessor-version":[{"id":1084,"href":"https:\/\/lemuseedelacolo.fr\/index.php?rest_route=\/wp\/v2\/pages\/1083\/revisions\/1084"}],"up":[{"embeddable":true,"href":"https:\/\/lemuseedelacolo.fr\/index.php?rest_route=\/wp\/v2\/pages\/282"}],"wp:attachment":[{"href":"https:\/\/lemuseedelacolo.fr\/index.php?rest_route=%2Fwp%2Fv2%2Fmedia&parent=1083"}],"curies":[{"name":"wp","href":"https:\/\/api.w.org\/{rel}","templated":true}]}}