{"id":1080,"date":"2020-11-01T20:45:33","date_gmt":"2020-11-01T19:45:33","guid":{"rendered":"http:\/\/lemuseedelacolo.fr\/?page_id=1080"},"modified":"2021-12-22T19:18:53","modified_gmt":"2021-12-22T18:18:53","slug":"2020-10-quelle-evaluation-des-colos-apprenantes","status":"publish","type":"page","link":"https:\/\/lemuseedelacolo.fr\/?page_id=1080","title":{"rendered":"2020 10 : Quelle \u00e9valuation des colos apprenantes ?"},"content":{"rendered":"\n<p>Le Minist\u00e8re de l&rsquo;Education Nationale et de la jeunesse a oubli\u00e9 de pr\u00e9senter l&rsquo;\u00e9valuation du dispositif cr\u00e9\u00e9 en fin d&rsquo;ann\u00e9e scolaire et ayant pour nom les \u00ab\u00a0colos apprenantes\u00a0\u00bb (apr\u00e8s avoir \u00e9t\u00e9 nomm\u00e9 les colos \u00e9ducatives) S&rsquo;agit-il d&rsquo;un oubli ou le Ministre essaie de cacher l&rsquo;\u00e9chec du dispositif (et probablement de ses principaux partenaires) ?<\/p>\n\n\n\n<p>C&rsquo;est dommage, car le dispositif n&rsquo;est un \u00e9chec total. Sans pouvoir disposer de donn\u00e9es globales, nous avons pu rencontrer ou lire de nombreux commentaires de petites structures qui ont su utiliser le dispositif pour permettre un financement de leurs actions accueillant alors un peu plus d&rsquo;enfants, ou permettant \u00e0 des parents de payer moins cher&#8230;<\/p>\n\n\n\n<p>Ceci \u00e9tant, ces structures disent souvent avoir du s&rsquo;adapter aux normes li\u00e9es aux difficult\u00e9s sanitaires, mais elles disent aussi n&rsquo;avoir rien chang\u00e9 dans l&rsquo;organisation \u00e9ducative des s\u00e9jours. Tout au plus, certaines disent avoir modifi\u00e9 un discours au niveau de dossiers administratifs.<\/p>\n\n\n\n<p>Par contre, qu&rsquo;en est-il de l&rsquo;\u00e9valuation quantitative ? Que ce soit au niveau de l&rsquo;Etat ou au niveau de certains \u00ab\u00a0gros\u00a0\u00bb organisateurs. Ne devrions-nous pas avoir des chiffres quant il s&rsquo;agit de millions d&rsquo;Euros et de dizaines de milliers de jeunes. Cela peut-il rester confidentiel ? Le gouvernement avait pr\u00e9vu le d\u00e9part de nombreux \u00ab\u00a0jeunes en difficult\u00e9\u00a0\u00bb. Est-ce le cas ? Si oui, pourquoi est-ce que le Ministre n&rsquo;en a-t-il pas parl\u00e9 au moment de la rentr\u00e9e, lorsqu&rsquo;il a abord\u00e9 la situation des enfants ayant rencontr\u00e9 des difficult\u00e9 suite \u00e0 la fermeture des \u00e9coles ?<\/p>\n\n\n\n<p>Une fois encore, le Ministre en charge de la Jeunesse a \u00e9cout\u00e9 les proches du minist\u00e8re, certains organisateurs ou repr\u00e9sentants d&rsquo;organisateurs tout en oubliant d&rsquo;\u00e9couter ceux qui sont sur le terrain, ceux qui ne r\u00e9alisent certes \u00ab\u00a0que\u00a0\u00bb quelques s\u00e9jours&#8230; mais qui repr\u00e9sentent, en r\u00e9el, la masse des d\u00e9parts en colos.<\/p>\n\n\n\n<p>On esp\u00e8re, comme \u00e0 chaque fois, que les dirigeants du minist\u00e8re finissent par accepter d&rsquo;\u00e9couter ceux qui font, ceux qui savent !<\/p>\n","protected":false},"excerpt":{"rendered":"<p>Le Minist\u00e8re de l&rsquo;Education Nationale et de la jeunesse a oubli\u00e9 de pr\u00e9senter l&rsquo;\u00e9valuation du dispositif cr\u00e9\u00e9 en fin d&rsquo;ann\u00e9e scolaire et ayant pour nom les \u00ab\u00a0colos apprenantes\u00a0\u00bb (apr\u00e8s avoir \u00e9t\u00e9 nomm\u00e9 les colos \u00e9ducatives) S&rsquo;agit-il d&rsquo;un oubli ou le Ministre essaie de cacher l&rsquo;\u00e9chec du dispositif (et probablement de ses principaux partenaires) ? C&rsquo;est [&hellip;]<\/p>\n","protected":false},"author":3,"featured_media":0,"parent":1093,"menu_order":0,"comment_status":"closed","ping_status":"closed","template":"","meta":{"footnotes":""},"class_list":["post-1080","page","type-page","status-publish","hentry"],"_links":{"self":[{"href":"https:\/\/lemuseedelacolo.fr\/index.php?rest_route=\/wp\/v2\/pages\/1080","targetHints":{"allow":["GET"]}}],"collection":[{"href":"https:\/\/lemuseedelacolo.fr\/index.php?rest_route=\/wp\/v2\/pages"}],"about":[{"href":"https:\/\/lemuseedelacolo.fr\/index.php?rest_route=\/wp\/v2\/types\/page"}],"author":[{"embeddable":true,"href":"https:\/\/lemuseedelacolo.fr\/index.php?rest_route=\/wp\/v2\/users\/3"}],"replies":[{"embeddable":true,"href":"https:\/\/lemuseedelacolo.fr\/index.php?rest_route=%2Fwp%2Fv2%2Fcomments&post=1080"}],"version-history":[{"count":1,"href":"https:\/\/lemuseedelacolo.fr\/index.php?rest_route=\/wp\/v2\/pages\/1080\/revisions"}],"predecessor-version":[{"id":1081,"href":"https:\/\/lemuseedelacolo.fr\/index.php?rest_route=\/wp\/v2\/pages\/1080\/revisions\/1081"}],"up":[{"embeddable":true,"href":"https:\/\/lemuseedelacolo.fr\/index.php?rest_route=\/wp\/v2\/pages\/1093"}],"wp:attachment":[{"href":"https:\/\/lemuseedelacolo.fr\/index.php?rest_route=%2Fwp%2Fv2%2Fmedia&parent=1080"}],"curies":[{"name":"wp","href":"https:\/\/api.w.org\/{rel}","templated":true}]}}