{"id":1076,"date":"2020-06-10T16:33:47","date_gmt":"2020-06-10T15:33:47","guid":{"rendered":"http:\/\/lemuseedelacolo.fr\/?page_id=1076"},"modified":"2021-12-22T19:17:59","modified_gmt":"2021-12-22T18:17:59","slug":"2020-06-les-colo-de-lete-cest-parti-pour-les-inscriptions","status":"publish","type":"page","link":"https:\/\/lemuseedelacolo.fr\/?page_id=1076","title":{"rendered":"2020 06 : Les colo de l&rsquo;\u00e9t\u00e9, c&rsquo;est parti pour les inscriptions"},"content":{"rendered":"\n<p>Le protocole sp\u00e9cifique pour les s\u00e9jours de vacances pour les enfants et les jeunes est paru cette semaine. Les organisateurs vont pouvoir adapter leurs s\u00e9jours afin de respecter le confinement. Le document comprend l&rsquo;h\u00e9bergement, les transports, les repas, la d\u00e9sinfection, l&rsquo;organisation des activit\u00e9s&#8230;<\/p>\n\n\n\n<p>Ce qui revient \u00e0 dire que les colonies de vacances ont des normes \u00e0 respecter, et que ces normes ont \u00e9t\u00e9 valid\u00e9es au plus haut niveau. Les service d\u00e9concentr\u00e9s de l&rsquo;Etat auront pour mission de v\u00e9rifier l&rsquo;application du protocole. Les enfants seront donc en s\u00e9curit\u00e9 en colo cette \u00e9t\u00e9, les parents peuvent \u00eatre rassur\u00e9s.<\/p>\n\n\n\n<p>Il faut consid\u00e9rer comme une bonne nouvelle les all\u00e8gements du protocole. En fait, les premiers \u00e9crits \u00e9taient inqui\u00e9tants, principalement concernant le nombre de places dans les chambres et dans les v\u00e9hicules de transport. Cela rendait de nombreuses colonies irr\u00e9alisables. D&rsquo;ailleurs, plusieurs organisateurs ont d\u00e9cid\u00e9 de ne pas faire de colo cet \u00e9t\u00e9, ce qui est catastrophe pour le secteur (il vaut mieux s&rsquo;inscrire vite, il n&rsquo;y aura peut-\u00eatre pas assez de places pour tout le monde).<\/p>\n\n\n\n<p>Il reste que cela semble encore flou pour les s\u00e9jours h\u00e9berg\u00e9s dans de petites tentes, qui devraient respecter les r\u00e8gles du confinement (un m\u00e8tre de distance entre chaque enfant, cela va en faire, des tentes \u00e0 monter !).<\/p>\n\n\n\n<p>Le dernier souci, mais pas des moindres, concerne la p\u00e9dagogie. Au nom de la s\u00e9curit\u00e9, le protocole conseille que les enfants restent dans le m\u00eame groupe, avec le m\u00eame animateur pour les activit\u00e9s, le repas, les chambres&#8230; Ce qui nous ram\u00e8ne \u00e0 avant les ann\u00e9es 70 (et m\u00eame avant l&rsquo;\u00e8re psychop\u00e9dagogique qui d\u00e9bute d\u00e8s les ann\u00e9es 1950).  Il est quand m\u00eame possible (mais d\u00e9conseill\u00e9) de modifier les groupes pour certaines activit\u00e9s.<\/p>\n\n\n\n<p>Pr\u00e9cisons aussi que ce protocole peut \u00e9voluer. Esp\u00e9rons que les risques diminuent, que le virus disparaisse et l&rsquo;Etat assouplisse le protocole.<\/p>\n\n\n\n<p>Il faut dire deux mots des <span style=\"color:#a30000\" class=\"has-inline-color\">colonies apprenantes<\/span> (nouveau nom des colonies \u00e9ducatives, puis studieuses). Le minist\u00e8re a d\u00e9cid\u00e9 un important dispositif cet \u00e9t\u00e9 afin de rapprocher les jeunes de l&rsquo;\u00e9cole. Ce qui nous semble curieux, apr\u00e8s avoir tout fait pour inciter les jeunes \u00e0 ne pas y aller, comme en supprimant toute forme d&rsquo;examens ou en ne tenant pas compte du travail fourni, m\u00eame \u00e0 distance par les jeunes pendant le confinement et le d\u00e9confinement.<\/p>\n\n\n\n<p>Alors que la plupart des enfants (et peut-\u00eatre tous) a besoin de vacances (avec le stress v\u00e9cu), le Minist\u00e8re pr\u00e9voit d&rsquo;en faire travailler quelques uns (les d\u00e9crocheurs) durant les vacances scolaires que ce soit en loisirs ou en vacances. Le dispositif est devenu ultra lib\u00e9ral. Si certaines associations se sont mobilis\u00e9es (pour l&rsquo;instant surtout des associations nationales), le dispositif est ouvert aux structures priv\u00e9es que ce soit comme organisateur (centre de profit) ou h\u00e9bergeur (h\u00f4tel). Tout le monde peut devenir organisateur de colonie apprenante (et au vu des courts d\u00e9lais d&rsquo;ici d\u00e9but juillet, cela sera uniquement d\u00e9claratif, sans que les fonctionnaires du minist\u00e8re aient le temps de faire des v\u00e9rifications sur les organisateurs). Il faut alors conseiller, aux parents qui souhaitent inscrire leur enfant en colonie apprenante, d&rsquo;\u00eatre prudents.<\/p>\n\n\n\n<p>Le public \u00e9tait au d\u00e9but les d\u00e9crocheurs, vite devenus des jeunes de quartiers politiques de la ville, voire les jeunes ne partant pas cette ann\u00e9e dans leur pays d&rsquo;origine \u00e0 cause de la fermeture des fronti\u00e8res. Mais le public s&rsquo;est \u00e9largi aux enfants des soignants, puis des personnes indispensables, aux enfants de familles monoparentales, aux familles \u00e0 faibles revenus&#8230; et m\u00eame \u00e0 l&rsquo;aide sociale (qui b\u00e9n\u00e9ficie pourtant d&rsquo;autres sources de financement). Pr\u00e9cisons que ces colo doivent \u00eatre gratuites ou presque, car prises en charge par l&rsquo;Etat au tarif maximum de 500 \u20ac les 5 jours (et donc 4 nuits), ce qui est \u00e9lev\u00e9. Une association a d&rsquo;ailleurs d\u00e9j\u00e0 annonc\u00e9 (en fait, elle l&rsquo;a fait avant la diffusion publique du cahier des charges des colonies apprenantes !) qu&rsquo;elle allait accueillir 40 000 enfants cet \u00e9t\u00e9 dans le cadre des colos apprenantes. Pour ceux qui n&rsquo;ont pas l&rsquo;habitude de ces chiffres, cela repr\u00e9senterai 20 millions d&rsquo;euros.<\/p>\n\n\n\n<p>Puisqu&rsquo;il s&rsquo;agit de compenser (un peu) ce qui n&rsquo;a pas pu \u00eatre fait par l&rsquo;\u00e9cole cette ann\u00e9e, les colonies apprenantes sont le moyen pour commencer \u00e0 confier la scolarisation des jeunes a des structures compl\u00e8tement priv\u00e9es,  avec le soutien d&rsquo;associations nationales (int\u00e9gr\u00e9es dans le dispositif) qui pourtant s&rsquo;opposent souvent aux \u00e9coles priv\u00e9es ! Il faudra \u00eatre attentif aux \u00e9valuations de ce dispositif qui risque fort de marquer une rupture dans l&rsquo;histoire des colonies de vacances par la reconnaissance et le financement d&rsquo;Etat de structures commerciales. L&rsquo;agr\u00e9ment \u00ab\u00a0Jeunesse \u00e9ducation populaire\u00a0\u00bb n\u00e9cessaire pour \u00eatre subventionn\u00e9 est remplac\u00e9e par le paiement de prestations. L&rsquo;Etat va payer des colos \u00ab\u00a0apprenantes\u00a0\u00bb comme il paierait des travaux ou des fournitures quelconques. Belle conception de l&rsquo;\u00e9ducation !<\/p>\n\n\n\n<p>Enfin soulignons que M. Attal a pr\u00e9ciser maintenir le <span style=\"color:#a30000\" class=\"has-inline-color\">Service National Universel<\/span> cette ann\u00e9e. Il souhaite cependant inverser l&rsquo;organisation pour des raisons pratiques. Les 10 000 jeunes de 15-16 ans pr\u00e9vus vont commencer par le terrain durant deux semaines cet \u00e9t\u00e9 (donc sans pr\u00e9paration) puis ils auront le s\u00e9jour de \u00ab\u00a0coh\u00e9sion\u00a0\u00bb \u00e0 l&rsquo;automne. Si le s\u00e9jour de coh\u00e9sion se fait apr\u00e8s le \u00ab\u00a0stage\u00a0\u00bb, c&rsquo;est qu&rsquo;il est en grande partie inutile (il doit notamment servir \u00e0 d\u00e9couvrir les diff\u00e9rents secteurs o\u00f9 les jeunes peuvent s&rsquo;engager) !<\/p>\n\n\n\n<p>Pr\u00e9cisons que les jeunes fran\u00e7ais ont montr\u00e9 pendant le confinement qu&rsquo;ils  \u00e9taient capables de respecter des mesures. Nombreux sont ceux qui se sont engag\u00e9s, l\u00e0 o\u00f9 ils ont \u00e9t\u00e9 sollicit\u00e9s, l\u00e0 o\u00f9 ils ont vu des besoins&#8230; tout cela sans qu&rsquo;ils soient pass\u00e9s par le S.N.U. ce qui montre que les jeunes n&rsquo;ont pas besoin du S.N.U. pour s&rsquo;engager.<\/p>\n","protected":false},"excerpt":{"rendered":"<p>Le protocole sp\u00e9cifique pour les s\u00e9jours de vacances pour les enfants et les jeunes est paru cette semaine. Les organisateurs vont pouvoir adapter leurs s\u00e9jours afin de respecter le confinement. Le document comprend l&rsquo;h\u00e9bergement, les transports, les repas, la d\u00e9sinfection, l&rsquo;organisation des activit\u00e9s&#8230; Ce qui revient \u00e0 dire que les colonies de vacances ont des [&hellip;]<\/p>\n","protected":false},"author":3,"featured_media":0,"parent":1093,"menu_order":0,"comment_status":"closed","ping_status":"closed","template":"","meta":{"footnotes":""},"class_list":["post-1076","page","type-page","status-publish","hentry"],"_links":{"self":[{"href":"https:\/\/lemuseedelacolo.fr\/index.php?rest_route=\/wp\/v2\/pages\/1076","targetHints":{"allow":["GET"]}}],"collection":[{"href":"https:\/\/lemuseedelacolo.fr\/index.php?rest_route=\/wp\/v2\/pages"}],"about":[{"href":"https:\/\/lemuseedelacolo.fr\/index.php?rest_route=\/wp\/v2\/types\/page"}],"author":[{"embeddable":true,"href":"https:\/\/lemuseedelacolo.fr\/index.php?rest_route=\/wp\/v2\/users\/3"}],"replies":[{"embeddable":true,"href":"https:\/\/lemuseedelacolo.fr\/index.php?rest_route=%2Fwp%2Fv2%2Fcomments&post=1076"}],"version-history":[{"count":1,"href":"https:\/\/lemuseedelacolo.fr\/index.php?rest_route=\/wp\/v2\/pages\/1076\/revisions"}],"predecessor-version":[{"id":1077,"href":"https:\/\/lemuseedelacolo.fr\/index.php?rest_route=\/wp\/v2\/pages\/1076\/revisions\/1077"}],"up":[{"embeddable":true,"href":"https:\/\/lemuseedelacolo.fr\/index.php?rest_route=\/wp\/v2\/pages\/1093"}],"wp:attachment":[{"href":"https:\/\/lemuseedelacolo.fr\/index.php?rest_route=%2Fwp%2Fv2%2Fmedia&parent=1076"}],"curies":[{"name":"wp","href":"https:\/\/api.w.org\/{rel}","templated":true}]}}