{"id":1042,"date":"2020-05-27T14:20:20","date_gmt":"2020-05-27T13:20:20","guid":{"rendered":"http:\/\/lemuseedelacolo.fr\/?page_id=1042"},"modified":"2020-05-27T14:20:20","modified_gmt":"2020-05-27T13:20:20","slug":"2-le-debut-des-colos","status":"publish","type":"page","link":"https:\/\/lemuseedelacolo.fr\/?page_id=1042","title":{"rendered":"2 &#8211; Le d\u00e9but des colos"},"content":{"rendered":"\n<p>1876 : le Pasteur Bion cr\u00e9e la 1\u00e8re Ferien-Kolonien (Suisse) sur le plateau d&rsquo;Appenzell avec 68 gar\u00e7ons et filles venant de Zurich. Cette colonie, en fait, un placement familial, est consid\u00e9r\u00e9e comme la premi\u00e8re colonie de vacances. D\u2019autres exp\u00e9riences (comme Don Bosco) ont eu lieu auparavant, mais elles ne se sont pas diffus\u00e9es. De nos jours, certains chercheurs proposent comme anc\u00eatres des s\u00e9jours m\u00e9dicaux (dans des pr\u00e9ventoriums par exemple mais l\u00e0 aussi, la filiation n\u2019est pas d\u00e9montr\u00e9e)&nbsp;;<\/p>\n\n\n\n<p>&nbsp;&nbsp;&nbsp;&nbsp;&nbsp;&nbsp;&nbsp;&nbsp;&nbsp;&nbsp;&nbsp; en France Mr Porcher directeur de l&rsquo;\u00e9cole Turgot emm\u00e8ne une cinquantaine d&rsquo;enfants durant 10 jours en \u00ab&nbsp;voyage scolaire&nbsp;\u00bb.<\/p>\n\n\n\n<p>1878 : premi\u00e8re colonies de vacances en Allemagne<\/p>\n\n\n\n<p>1880 :&nbsp; un d\u00e9cret rend obligatoire la gymnastique dans les \u00e9coles de gar\u00e7ons<\/p>\n\n\n\n<p>1881 : en juillet, le pasteur lorriaux envoie 3 fillettes en&nbsp; placement familial&nbsp;;<\/p>\n\n\n\n<p>&nbsp;&nbsp;&nbsp;&nbsp;&nbsp;&nbsp;&nbsp;&nbsp;&nbsp;&nbsp;&nbsp; &nbsp;premi\u00e8res colonies en Italie, Russie, Norv\u00e8ge et Su\u00e8de&nbsp;;<\/p>\n\n\n\n<p>&nbsp;&nbsp;&nbsp;&nbsp;&nbsp;&nbsp;&nbsp;&nbsp;&nbsp;&nbsp;&nbsp; 16 juin loi sur la gratuit\u00e9 de l\u2019enseignement dans les \u00e9coles primaires et la la\u00efcit\u00e9 des enseignants (il faut poss\u00e9der le brevet \u00e9l\u00e9mentaire pour enseigner). Le traitement des instituteurs est assur\u00e9 par les communes.<\/p>\n\n\n\n<p>1882 : naissance du dipl\u00f4me de fin d\u2019\u00e9tudes primaires : \u00ab&nbsp;le Certif&nbsp;\u00bb<\/p>\n\n\n\n<p>&nbsp;&nbsp;&nbsp;&nbsp;&nbsp;&nbsp;&nbsp;&nbsp;&nbsp;&nbsp;&nbsp; le 28 mars, loi sur l\u2019obligation et la la\u00efcit\u00e9 du programme de l\u2019enseignement. La loi du 28 mars fixe aussi 2 \u00e0 3 heures de T.M. et sciences par semaine en primaire&nbsp;;<\/p>\n\n\n\n<p>&nbsp;&nbsp;&nbsp;&nbsp;&nbsp;&nbsp;&nbsp;&nbsp;&nbsp;&nbsp;&nbsp; en France, le pasteur Lorriaux envoie 79 enfants de 3 \u00e0 16 ans en placement familial&nbsp;;<\/p>\n\n\n\n<p>&nbsp;&nbsp;&nbsp;&nbsp;&nbsp;&nbsp;&nbsp;&nbsp;&nbsp;&nbsp;&nbsp; d\u00e9but des colonies de vacances en Angleterre&nbsp;;<\/p>\n\n\n\n<p>&nbsp;&nbsp;&nbsp;&nbsp;&nbsp;&nbsp;&nbsp;&nbsp;&nbsp;&nbsp;&nbsp; organisation d\u2019un congr\u00e8s international d&rsquo;hygi\u00e8ne \u00e0 Gen\u00e8ve en septembre.<\/p>\n\n\n\n<p>1883 : premi\u00e8res colonies en Hollande&nbsp;;<\/p>\n\n\n\n<p>&nbsp;&nbsp;&nbsp;&nbsp;&nbsp;&nbsp;&nbsp;&nbsp;&nbsp;&nbsp;&nbsp; d\u00e9cret \u00e9tablissant des m\u00e9decins inspecteurs pour contr\u00f4ler l\u2019\u00e9tat de sant\u00e9 des \u00e9coliers.<\/p>\n\n\n\n<p>1886 :&nbsp; le 30 octobre, loi organique pr\u00e9cisant la la\u00efcit\u00e9 des enseignants dans les \u00e9coles publiques&nbsp;;<\/p>\n\n\n\n<p>&nbsp;&nbsp;&nbsp;&nbsp;&nbsp;&nbsp;&nbsp;&nbsp;&nbsp;&nbsp;&nbsp; premi\u00e8res colonies en Belgique&nbsp;;<\/p>\n\n\n\n<p>&nbsp;&nbsp;&nbsp;&nbsp;&nbsp;&nbsp;&nbsp;&nbsp;&nbsp;&nbsp;&nbsp; cr\u00e9ation de l&rsquo;Association catholique de la jeunesse fran\u00e7aise (A.C.J.F.) sur l&rsquo;initiative d&rsquo;A. de Mun<\/p>\n\n\n\n<p>1887 : premi\u00e8res colonies en Espagne&nbsp;;<\/p>\n\n\n\n<p>&nbsp;&nbsp;&nbsp;&nbsp;&nbsp;&nbsp;&nbsp;&nbsp;&nbsp;&nbsp;&nbsp; 12 arrondissements de Paris financent des colonies scolaires&nbsp;;&nbsp;&nbsp;<\/p>\n\n\n\n<p>&nbsp;&nbsp;&nbsp;&nbsp;&nbsp;&nbsp;&nbsp;&nbsp;&nbsp;&nbsp;&nbsp; apparition de l&rsquo;appellation colonie sanitaire (Dr Delvaille).<\/p>\n\n\n\n<p>1888 :&nbsp; 1er congr\u00e8s international des colonies de vacances \u00e0 Zurich (Suisse) les 13 et 14 aout&nbsp;;<\/p>\n\n\n\n<p>&nbsp;&nbsp;&nbsp;&nbsp;&nbsp;&nbsp;&nbsp;&nbsp;&nbsp;&nbsp;&nbsp; Henri Rollet contribue \u00e0 la fondation du \u00ab&nbsp;Sauvetage de l\u2019Enfance&nbsp;\u00bb.<\/p>\n\n\n\n<p>1889 :&nbsp; le 24 juillet, la loi proclame la d\u00e9ch\u00e9ance de la puissance paternelle \u00e0 l\u2019\u00e9gard des parents indignes et prot\u00e8ge les enfants des mauvais traitements et des parents dont les attitudes compromettent la sant\u00e9, la s\u00e9curit\u00e9 ou la moralit\u00e9 des enfants.<\/p>\n\n\n\n<p>1891 :&nbsp; Henri Rollet fonde le patronage de l\u2019enfance et de l\u2019adolescence.<\/p>\n\n\n\n<p>1892 :&nbsp; le 2 novembre, loi limitant \u00e0 13 ans l\u2019\u00e2ge minimum pour travailler ou 12 ans plus le certificat d\u2019\u00e9tudes&nbsp;;<\/p>\n\n\n\n<p>&nbsp;&nbsp;&nbsp;&nbsp;&nbsp;&nbsp;&nbsp;&nbsp;&nbsp;&nbsp;&nbsp; loi limitant la journ\u00e9e de travail \u00e0 10 h pour les 13-16 ans.<\/p>\n\n\n\n<p>1893 : en France, le pasteur Comte envoie 52 enfants chez des paysans des C\u00e9vennes. C&rsquo;est le d\u00e9but de l&rsquo;\u0153uvre des enfants \u00e0 la montagne.<\/p>\n\n\n\n<p>1894 : Un d\u00e9cret stipule que la dur\u00e9e des vacances scolaires peut-\u00eatre port\u00e9e \u00e0 8 semaines dans les \u00e9coles \u00e9l\u00e9mentaires o\u00f9 sont organis\u00e9es des classes de vacances .Les \u00e9tablissements secondaires b\u00e9n\u00e9ficient de 10 semaines des grandes vacances ( en plus de No\u00ebl et P\u00e2que )&nbsp;;<\/p>\n\n\n\n<p>&nbsp;&nbsp;&nbsp;&nbsp;&nbsp;&nbsp;&nbsp;&nbsp;&nbsp;&nbsp;&nbsp; Parution de \u00ab&nbsp; le livre de la jungle&nbsp;\u00bb par R. Kipling&nbsp;;<\/p>\n\n\n\n<p>&nbsp;&nbsp;&nbsp;&nbsp;&nbsp;&nbsp;&nbsp;&nbsp;&nbsp;&nbsp;&nbsp; Naissance du Sillon. Il s\u2019agit \u00e0 ce moment-l\u00e0 d\u2019une revue fond\u00e9e par des \u00e9l\u00e8ves du coll\u00e8ge Stanislas de Paris. Marc Sangnier en fait un mouvement de jeunes ax\u00e9 sur le christianisme social&nbsp;;<\/p>\n\n\n\n<p>&nbsp;&nbsp;&nbsp;&nbsp;&nbsp;&nbsp;&nbsp;&nbsp;&nbsp;&nbsp;&nbsp; Cr\u00e9ation des Unions Chr\u00e9tiennes de Jeunes Filles (U.C.J.F.).<\/p>\n\n\n\n<p>1898 : Le 19 avril, loi sur la r\u00e9pression des violences, voies de fait, actes de cruaut\u00e9 et attentats commis envers les enfants&nbsp;;<\/p>\n\n\n\n<p>&nbsp;&nbsp;&nbsp;&nbsp;&nbsp;&nbsp;&nbsp;&nbsp;&nbsp;&nbsp;&nbsp; Fondation par l&rsquo;abb\u00e9 de Pitray de la 1\u00e8re colonie catholique avec des enfants de Paris.<\/p>\n\n\n\n<p>1900 : en France, il existe 1276 patronages la\u00efques et 4168 patronages catholiques (2351 Gar\u00e7ons, 1817 Filles)&nbsp;;<\/p>\n\n\n\n<p>&nbsp;&nbsp;&nbsp;&nbsp;&nbsp;&nbsp;&nbsp;&nbsp;&nbsp;&nbsp;&nbsp; environ 25 000 enfants en colonie de vacances en France&nbsp;;<\/p>\n\n\n\n<p>&nbsp;&nbsp;&nbsp;&nbsp;&nbsp;&nbsp;&nbsp;&nbsp;&nbsp;&nbsp;&nbsp; il y a eu plus de 35000 colons en Allemagne.<\/p>\n\n\n\n<p>1903 : naissance de la f\u00e9d\u00e9ration gymnique et sportive des patronages de France.<\/p>\n\n\n\n<p>1904 :&nbsp; le minist\u00e8re de l\u2019instruction publique d\u00e9cide d\u2019organiser l\u2019enseignement des anormaux. Binet fait partie de l\u2019\u00e9quipe charg\u00e9e de s\u00e9lectionner les d\u00e9biles mentaux&nbsp;;<\/p>\n\n\n\n<p>&nbsp;&nbsp;&nbsp;&nbsp;&nbsp;&nbsp;&nbsp;&nbsp;&nbsp;&nbsp;&nbsp; parution de \u00ab&nbsp;la semaine de Suzette&nbsp;\u00bb ou apparait B\u00e9cassine en 1905.<\/p>\n\n\n\n<p>1905 :&nbsp; le sillon commence \u00e0 accueillir des jeunes filles<\/p>\n\n\n\n<p>1906 : Le 12 avril, loi portant la majorit\u00e9 p\u00e9nale \u00e0 18 ans&nbsp;;<\/p>\n\n\n\n<p>&nbsp;&nbsp;&nbsp;&nbsp;&nbsp;&nbsp;&nbsp;&nbsp;&nbsp;&nbsp;&nbsp; 2\u00e8me rencontre internationale des colonies de vacances \u00e0 Bordeaux&nbsp;;<\/p>\n\n\n\n<p>&nbsp;&nbsp;&nbsp;&nbsp;&nbsp;&nbsp;&nbsp;&nbsp;&nbsp;&nbsp;&nbsp; naissance de la F\u00e9d\u00e9ration Nationale des colonies et \u0153uvres de grand air.&nbsp;&nbsp;&nbsp;&nbsp;&nbsp;<\/p>\n\n\n\n<p><strong>Quelques r\u00e9f\u00e9rences<\/strong> (H\u00e9las, certains sujets n\u2019ayant pas \u00e9t\u00e9 repris par les chercheurs actuels, il est n\u00e9cessaire d\u2019aller chercher parfois parmi les livres anciens)&nbsp;:<\/p>\n\n\n\n<p>Barth\u00e9lemy-Madaule M., 1973, <em>Marc Sangnier, <\/em>Paris, \u00e9d du Seuil, 264p<\/p>\n\n\n\n<p>Bertrand Paul, 1986, <em>Monsieur Rollet&nbsp;, le dernier des philanthropes,<\/em> Paris, \u00e9d du Ctnerhi, 282p<\/p>\n\n\n\n<p>Houssaye Jean, 1989, <em>Le livre des colos, <\/em>Paris, La doc. Fran\u00e7aise, 155p<\/p>\n\n\n\n<p>Houssaye Jean,&nbsp; 2009, <em>Le livre des colos, <\/em>R\u00e9\u00e9d augment\u00e9e, Vigneux, \u00e9d Matrices, 232p<\/p>\n\n\n\n<p>Lee Downs Laura, 2009, <em>Histoire des colonies de vacances, <\/em>Paris, \u00e9d Perrin, 434p<\/p>\n\n\n\n<p>Rey-Hermes, 1954, <em>Colonies de vacances, origines et premiers d\u00e9veloppements<\/em>, Paris, chez l\u2019auteur, 520p<\/p>\n","protected":false},"excerpt":{"rendered":"<p>1876 : le Pasteur Bion cr\u00e9e la 1\u00e8re Ferien-Kolonien (Suisse) sur le plateau d&rsquo;Appenzell avec 68 gar\u00e7ons et filles venant de Zurich. Cette colonie, en fait, un placement familial, est consid\u00e9r\u00e9e comme la premi\u00e8re colonie de vacances. D\u2019autres exp\u00e9riences (comme Don Bosco) ont eu lieu auparavant, mais elles ne se sont pas diffus\u00e9es. De nos [&hellip;]<\/p>\n","protected":false},"author":3,"featured_media":0,"parent":624,"menu_order":0,"comment_status":"closed","ping_status":"closed","template":"","meta":{"footnotes":""},"class_list":["post-1042","page","type-page","status-publish","hentry"],"_links":{"self":[{"href":"https:\/\/lemuseedelacolo.fr\/index.php?rest_route=\/wp\/v2\/pages\/1042","targetHints":{"allow":["GET"]}}],"collection":[{"href":"https:\/\/lemuseedelacolo.fr\/index.php?rest_route=\/wp\/v2\/pages"}],"about":[{"href":"https:\/\/lemuseedelacolo.fr\/index.php?rest_route=\/wp\/v2\/types\/page"}],"author":[{"embeddable":true,"href":"https:\/\/lemuseedelacolo.fr\/index.php?rest_route=\/wp\/v2\/users\/3"}],"replies":[{"embeddable":true,"href":"https:\/\/lemuseedelacolo.fr\/index.php?rest_route=%2Fwp%2Fv2%2Fcomments&post=1042"}],"version-history":[{"count":1,"href":"https:\/\/lemuseedelacolo.fr\/index.php?rest_route=\/wp\/v2\/pages\/1042\/revisions"}],"predecessor-version":[{"id":1043,"href":"https:\/\/lemuseedelacolo.fr\/index.php?rest_route=\/wp\/v2\/pages\/1042\/revisions\/1043"}],"up":[{"embeddable":true,"href":"https:\/\/lemuseedelacolo.fr\/index.php?rest_route=\/wp\/v2\/pages\/624"}],"wp:attachment":[{"href":"https:\/\/lemuseedelacolo.fr\/index.php?rest_route=%2Fwp%2Fv2%2Fmedia&parent=1042"}],"curies":[{"name":"wp","href":"https:\/\/api.w.org\/{rel}","templated":true}]}}