{"id":1025,"date":"2020-04-22T23:24:32","date_gmt":"2020-04-22T22:24:32","guid":{"rendered":"http:\/\/lemuseedelacolo.fr\/?page_id=1025"},"modified":"2021-12-22T19:20:50","modified_gmt":"2021-12-22T18:20:50","slug":"2020-4-des-colos-pour-lete-2020","status":"publish","type":"page","link":"https:\/\/lemuseedelacolo.fr\/?page_id=1025","title":{"rendered":"2020 4 : des colos pour l&rsquo;\u00e9t\u00e9 2020"},"content":{"rendered":"\n<p>En ce mois d&rsquo;avril, fin des vacances de printemps, il est temps de se pr\u00e9occuper des vacances pour les enfants cet \u00e9t\u00e9. Y aura-t-il des colos ? si oui lesquelles ? Quelques informations circulent, mais elles ne sont pas claires, du moins pas encore.<\/p>\n\n\n\n<p>Le premier point qui doit nous inqui\u00e9ter, c&rsquo;est la r\u00e9ponse syst\u00e9matique du gouvernement et surtout du ministre de l&rsquo;\u00e9ducation nationale. S&rsquo;il y a un probl\u00e8me, il suffit d&rsquo;organiser des colos. Ainsi, quant il a du mettre en place un service national, il a cr\u00e9\u00e9 des sortes de colos dirig\u00e9es par des militaires : le S.N.U. ! Quand il y a un probl\u00e8me d&rsquo;enfants d\u00e9crocheurs pendant le confinement, il propose d&rsquo;abord <span style=\"color:#a31d00\" class=\"has-inline-color\">des colos \u00e9ducatives, puis des colos apprenantes<\/span>. Il va de soi que toutes les colos sont par d\u00e9finition \u00e9ducatives et apprenantes. Le ministre voulait dire des colos o\u00f9 l&rsquo;on apprendrait suivant le programme scolaire, bref des lieux d&rsquo;apprentissage scolaire, ce qui correspondrait \u00e0 des classes transplant\u00e9es, rien a voir avec des vacances. Cela resterait pour autant le projet du gouvernement, cr\u00e9er de nouvelles colos pour les d\u00e9crocheurs.<\/p>\n\n\n\n<p>La question qui doit de poser est:  <span style=\"color:#a33100\" class=\"has-inline-color\">pourquoi les colos sont-elles une r\u00e9ponse pertinente \u00e0 tous les probl\u00e8mes du minist\u00e8re ? <\/span>Les colonies de vacances ont fait preuve de leur efficience depuis plus d&rsquo;un si\u00e8cle, mais c&rsquo;est un secteur bien peu reconnu et qui rencontre de nombreuses difficult\u00e9s. Il y a bien s\u00fbr un probl\u00e8me financier. La plupart des organisateurs de colos ne sont pas riches et ont du mal \u00e0 boucler leur budget. Certains vendent tr\u00e8s chers aux plus riches, d&rsquo;autres essayent de vendre moins chers \u00e0 tous. L&rsquo;histoire du secteur a favoris\u00e9 une construction morcel\u00e9e de sa repr\u00e9sentation (entre les religieux, les la\u00efques, les politiques&#8230;) qui aboutit \u00e0 une faiblesse des organisateurs et surtout des diff\u00e9rentes f\u00e9d\u00e9rations les regroupant plus ou moins. Les colos, c&rsquo;est un secteur multi-employeurs avec un taux de syndicalisation faible et la possibilit\u00e9 de faire dire tout et son contraire \u00e0 des regroupements totalement d\u00e9pendants financi\u00e8rement de l&rsquo;Etat, que ce soit par ses subventions ou par des textes de lois les favorisant. D&rsquo;ailleurs les mouvements qui vont soutenir les \u00ab\u00a0colos apprenantes\u00a0\u00bb ont aussi soutenus la cr\u00e9ation du Service National Universel comme ils avaient soutenu le gouvernement pr\u00e9c\u00e9dent pour les rythmes scolaires&#8230; Cerise sur le g\u00e2teau, les animateurs, m\u00eame s&rsquo;ils ne sont plus vraiment occasionnel, peuvent quand m\u00eame \u00eatre pay\u00e9s moins que le salaire minimum (cela devrait \u00eatre r\u00e9serv\u00e9 \u00e0 des cas bien pr\u00e9cis).<\/p>\n\n\n\n<p>Le deuxi\u00e8me point porte sur le probl\u00e8me de certaines colos, enfin de certains organisateurs de colos (surtout) pour ados qui ont pr\u00e9vu des s\u00e9jours \u00e0 l&rsquo;\u00e9tranger (tr\u00e8s incertains, voire clairement d\u00e9conseill\u00e9s) et\/ou en camping (souvent dans de petites tentes&#8230; qui se montent tr\u00e8s vite !). Si on maintient les uns en France et que l&rsquo;on cherche des h\u00e9bergements plus s\u00e9curis\u00e9s (pour des groupes d&rsquo;enfants ou de jeunes, sans avoir des sanitaires collectifs et de petites tentes) , on va vite se trouver en manque de locaux pour cet \u00e9t\u00e9. Et s&rsquo;il y a bien de nombreuses colonies \u00e0 l&rsquo;abandon, elles ont souvent \u00e9t\u00e9 arr\u00eat\u00e9es parce qu&rsquo;il fallait y faire des travaux (de s\u00e9curit\u00e9 ?). On ne peut donc pas penser les ouvrir dans deux mois. Il reste alors que certains h\u00e9bergements comme des h\u00f4tels non habilit\u00e9s \u00e0 l&rsquo;accueil de groupes, par exemple,  risquent de ne pas \u00eatre complet. Est-ce l\u00e0 que le ministre envisage de faire h\u00e9berger des enfants ? De plus, choisir un lieu, c&rsquo;est aussi voir quelles sont les activit\u00e9s possibles proches du site. Qu&rsquo;en sera-t-il des parc d&rsquo;attractions, des parcs nautiques, de certaines structures de plein air. Ils servent souvent de \u00ab\u00a0vitrine\u00a0\u00bb ou d&rsquo;activit\u00e9 phare sur les descriptifs des s\u00e9jours. Seront-ils ouvert ? Ne seront-ils pas limit\u00e9s en nombre de public ? accepteront-ils les groupes (sachant que les individuels payent plus cher) ? Installer une colo en France, pour l&rsquo;\u00e9changer contre un s\u00e9jour pr\u00e9vu \u00e0 l&rsquo;\u00e9tranger ou aller moins loin va donc poser d&rsquo;importants probl\u00e8mes de logistique. Ce probl\u00e8me devrait \u00eatre amplifi\u00e9 si l&rsquo;Etat limite le nombre de lits dans une chambre ou de places dans les salles \u00e0 manger. Les organisateurs de colos ont l&rsquo;habitude de ces normes, cela fait plus de 80 ans qu&rsquo;on en a. Mais cette ann\u00e9e, ces normes risquent de diminuer encore un peu plus les possibilit\u00e9s d&rsquo;accueil (alors que le ministre a dit vouloir augmenter le nombre de d\u00e9part d&rsquo;enfants en colo).<\/p>\n\n\n\n<p>De l\u00e0 d\u00e9coule mon troisi\u00e8me point. le ministre de l&rsquo;\u00e9ducation s\u00e8me le trouble, l\u00e0 o\u00f9 il faudrait \u00eatre clair. Il a cr\u00e9\u00e9 deux nouvelles notions : les colos de proximit\u00e9 qui resteraient dans la m\u00eame r\u00e9gion et des colos conventionn\u00e9es, sans pr\u00e9ciser la diff\u00e9rence sauf \u00e0 sous-entendre qu&rsquo;elles pourraient sortir de la r\u00e9gion. Va-t-il y avoir diff\u00e9rentes r\u00e9glementations ? qui va d\u00e9cider de quoi et quand ? il est \u00e9vident que l&rsquo;id\u00e9e de colos qui seraient dans la r\u00e9gion o\u00f9 habitent les jeunes n&rsquo;est pas nouvelle. Il y en a eu dans toutes les r\u00e9gions, mais c&rsquo;\u00e9tait \u00e0 une \u00e9poque o\u00f9 la plupart des groupes d&rsquo;enfants partaient ensemble d&rsquo;un m\u00eame point de d\u00e9part. C&rsquo;\u00e9tait quand la caisse des \u00e9coles ou le patronage catholique emmenait ses enfants en colo. C&rsquo;\u00e9tait avant que l&rsquo;on commercialise les colos avec des catalogues ou des sites internet, regroupant des enfants venant de partout. En fait, c&rsquo;\u00e9tait quand les organisateurs r\u00e9sidaient dans la ville o\u00f9 les enfants habitaient et pas dans celle du lieu de la colo (ou dans les grandes villes). Ceci \u00e9tant, rester dans sa r\u00e9gion ou m\u00eame dans son d\u00e9partement peut \u00eatre tr\u00e8s agr\u00e9able suivant les r\u00e9gions. R\u00e9sidant en Provence-Alpes-Cote-d&rsquo;Azur, je b\u00e9n\u00e9ficie de lieux tellement vari\u00e9s que je peux passer des vacances d\u00e9paysantes dans ma r\u00e9gion, de la mer \u00e0 la montagne. Par contre, pour des parisiens, le choix sera plus limit\u00e9. De m\u00eame chaque r\u00e9gion  ne dispose pas forc\u00e9ment de lieux d&rsquo;accueils de groupes disponibles en \u00e9t\u00e9. L&rsquo;inter-r\u00e9gion est donc une \u00e9vidence, mais il serait urgent d&rsquo;en pr\u00e9ciser les contours.<\/p>\n\n\n\n<p>Dernier point, c&rsquo;est bien s\u00fbr le personnel. Les annulations des sessions de formation lors des vacances de printemps risquent fort de compliquer un peu plus les recrutements de personnels d\u00e9j\u00e0 difficiles depuis plusieurs ann\u00e9es. Si on fait une adaptation avant l&rsquo;\u00e9t\u00e9, ce sera des jeunes avec peu de formation. Il serait n\u00e9cessaire de rappeler les anciens (pas forc\u00e9ment tr\u00e8s anciens, encore que, pour certaines activit\u00e9s, il serait pertinent d&rsquo;aller chercher des \u00ab\u00a0assez\u00a0\u00bb anciens). Comment les motiver ? On sait que ce ne sera pas pour la r\u00e9mun\u00e9ration, les colos n&rsquo;ont pas les moyens de payer des fortunes&#8230; alors et si on lan\u00e7ait une campagne sp\u00e9cifique&#8230; La France n&rsquo;est-elle en train de montrer qu&rsquo;elle sait se mobiliser pour certaines causes ? Plut\u00f4t que de faire des demandes de dons, nous pourrions faire des demandes d&rsquo;encadrement pour des temps sp\u00e9cifiques (encore faut-il, pour qu&rsquo;il y ait des b\u00e9n\u00e9voles exp\u00e9riment\u00e9s, qu&rsquo;il n&rsquo;y ait pas \u00e0 c\u00f4t\u00e9 des salari\u00e9s moins exp\u00e9riment\u00e9s !). Il ne faudrait pas se contenter de dire que les titulaires du Bafa arr\u00eatent tr\u00e8s vite de faire de l&rsquo;animation, mais il faudrait chercher \u00e0 les faire revenir au moins pour cet \u00e9t\u00e9. De nombreux \u00e9tudiants n&rsquo;ont pas fait de stage cette ann\u00e9e et auront peut-\u00eatre du mal \u00e0 trouver des jobs d&rsquo;\u00e9t\u00e9 (avec les risques de ch\u00f4mage, notamment dans les secteurs qui recrutent habituellement en \u00e9t\u00e9, comme la restauration ,l\u2019h\u00f4tellerie&#8230;). Etre animateur pourrait de nouveau devenir int\u00e9ressant. Et puis rechercher suffisamment de titulaires du Bafa nous \u00e9vitera de devoir recruter les \u00ab\u00a0volontaires\u00a0\u00bb du service national (qui eux seront trop jeunes et non form\u00e9s) que l&rsquo;Etat nous proposera.<\/p>\n\n\n\n<p>Les colonies de vacances sont inclues dans un ensemble appel\u00e9 maintenant A.C.M (Accueils Collectifs de Mineurs) qui regroupe certes les colos mais aussi et surtout les accueils sans h\u00e9bergement (que l&rsquo;on appelait, centres a\u00e9r\u00e9s, centres de loisirs, CLSH&#8230;). Nombreux sont les accueils sans h\u00e9bergement qui re\u00e7oivent des enfants ne pouvant pas partir en vacances ou partant peu en vacances (ce qui risque d&rsquo;\u00eatre amplifi\u00e9 cet \u00e9t\u00e9, plus de parents devraient travailler). Ces accueils de loisirs sont g\u00e9r\u00e9s soit par les mairies soit par des associations. Ils utilisent souvent, et surtout l&rsquo;\u00e9t\u00e9, les locaux scolaires. Enfin les accueils de loisirs accueillent beaucoup plus d&rsquo;enfants que les colos. Tout cela am\u00e8ne \u00e0 s&rsquo;interroger. Pourquoi faudrait que les enfants allant la journ\u00e9e dans leur \u00e9cole, mais avec des animateurs et rentrant chez eux le soir soient consid\u00e9r\u00e9s comme en vacances, alors que les enfants partant au loin (enfin, pas trop loin) aient eux des cours pendant leurs vacances. Ce qui revient \u00e0 mettre en place des loisirs \u00e0 l&rsquo;\u00e9cole et de l&rsquo;\u00e9cole pendant les vacances. Si les enfant s&rsquo;y retrouvent&#8230; \u00e0 la rentr\u00e9e de septembre. Et encore je ne parle pas de ces enfants fatigu\u00e9s \u00e0 la fin d&rsquo;un \u00e9t\u00e9 o\u00f9 il aura fallu d\u00e9passer les fortes chaleurs dans des locaux peu adapt\u00e9s, rester sur un rythme proche de l&rsquo;\u00e9cole&#8230; et qui fait que de nombreux enfants, ayant fr\u00e9quent\u00e9 les accueils de loisirs tout l&rsquo;\u00e9t\u00e9 finissent les vacances fatigu\u00e9s et peu dispos\u00e9s \u00e0 recommencer une ann\u00e9e de classe. L\u00e0, il y a une importante in\u00e9galit\u00e9 entre les enfants.<\/p>\n\n\n\n<p><span style=\"color:#a32200\" class=\"has-inline-color\">Qu&rsquo;est-ce qui devrait \u00eatre pr\u00e9vu pour cet \u00e9t\u00e9 ?<\/span> Comme il ne s&rsquo;agit pas de critiquer ni de se contenter de pr\u00e9senter les probl\u00e8mes, voil\u00e0 comment je pense que l&rsquo;\u00e9t\u00e9 pourrait \u00eatre organis\u00e9. Chaque enfant peut \u00eatre accueilli dans un Accueil de loisirs, en tenant compte de son \u00e2ge (cela correspond souvent aux diff\u00e9rentes \u00e9coles). Cela n\u00e9cessite que l&rsquo;accueil de loisirs soit un droit (certaines villes limitent ce droit, par exemple en ne permettant de s&rsquo;inscrire que si les deux parents travaillent). Ces accueils sont encadr\u00e9s par des animateurs avec des temps possibles de r\u00e9vision ou d&rsquo;apprentissage (encadr\u00e9s alors par des enseignants volontaires). S&rsquo;il n&rsquo;y en a pas alors les animateurs peuvent, lors de temps particuliers, mettre en place des jeux sp\u00e9cifiques utilisant des comp\u00e9tences normalement d\u00e9velopp\u00e9es en classe. Ce \u00ab\u00a0travail\u00a0\u00bb pendant un temps de loisirs n&rsquo;aura de sens que si les  enfants partent apr\u00e8s en vacances en famille ou en colo (afin qu&rsquo;ils aient de vraies vacances). Il appartient alors aux organisateurs des accueils de loisirs de limiter le temps d&rsquo;inscription \u00e0 leur structure (pas d&rsquo;accueil durant 2 mois) et v\u00e9rification de vraies vacances durant au moins 1 voire 2 semaines. Ces vacances peuvent \u00eatre organis\u00e9e par l&rsquo;accueil de loisirs et\/ou par des organisateurs d\u00e9clar\u00e9s et\/ou par les familles. Il appartient \u00e0 l&rsquo;Etat de rendre les colos accessibles financi\u00e8rement en aidant les familles suivant leur revenu (tout en fixant un prix de journ\u00e9e maximum et raisonnable pour le s\u00e9jour, il ne s&rsquo;agit pas de financer des colos trop ch\u00e8res).<\/p>\n\n\n\n<p>Les enfants ne passant pas par un accueil de loisirs peuvent bien s\u00fbr s&rsquo;inscrire directement aupr\u00e8s d&rsquo;une colonie de vacances. Si celle-ci respecte le prix de journ\u00e9e maximum, ces familles doivent pouvoir aussi b\u00e9n\u00e9ficier d&rsquo;une aide, suivant leur revenu.<\/p>\n\n\n\n<p>Ainsi les enfant pourront rattraper un \u00e9ventuel retard scolaire si besoin et ne pas \u00eatre priv\u00e9s de vacances afin d&rsquo;\u00eatre pr\u00eat pour le rentr\u00e9e de septembre.<\/p>\n\n\n\n<p>Les \u00e9quipes d&rsquo;encadrement des s\u00e9jours devraient d\u00e9j\u00e0 travailler \u00e0 renforcer les activit\u00e9s, pr\u00e9parer ce qui pourra \u00eatre mis en place pour maintenir une distance entre les enfants (quand c&rsquo;est possible raisonnablement) en pr\u00e9parant un bon grand jeu plut\u00f4t qu&rsquo;une sortie dans un parc \u00e0 th\u00e8me, des balades plut\u00f4t qu&rsquo;un match de foot, une organisation \u00e9vitant la promiscuit\u00e9 dans les tentes, \u00e9viter les s\u00e9jours itin\u00e9rants en minibus&#8230; Pour beaucoup d&rsquo;organisateurs, Il faut r\u00e9inventer des s\u00e9jours (ou reprendre un peu de ce que l&rsquo;on faisait avant en colo). Heureusement, certains organisateurs n&rsquo;ont pas tout oubli\u00e9.<\/p>\n\n\n\n<p>Et puis soyons clair. Je n&rsquo;ai pas besoin d&rsquo;aller \u00e0 Londres pour faire un s\u00e9jour linguistique. En num\u00e9risant des diapositives datant des ann\u00e9es 60 provenant d&rsquo;une petite colonie (une quarantaine de gar\u00e7ons) install\u00e9e dans une petite vall\u00e9e en montagne, j&rsquo;ai pu constater qu&rsquo;une ann\u00e9e, les jeunes ont  \u00e9t\u00e9 dans le Far-west avec Lucky Lucke, l&rsquo;ann\u00e9e suivante en gaule avec Ast\u00e9rix et l&rsquo;ann\u00e9e d&rsquo;apr\u00e8s, ils sont all\u00e9s sur la lune (en m\u00eame temps que Neil Armstrong). Il faudrait donc d\u00e8s maintenant commencer \u00e0 concevoir des d\u00e9cors (r\u00e9els, pas virtuels) pour am\u00e9nager les locaux pour r\u00e9aliser nos voyages&#8230; sans aller trop loin.<\/p>\n\n\n\n<p>Alors, <span style=\"color:#a34500\" class=\"has-inline-color\">quelle colo faut-il choisir pour cet \u00e9t\u00e9 ?<\/span> Je pense qu&rsquo;il faut \u00eatre attentifs sur plusieurs points :<\/p>\n\n\n\n<ul class=\"wp-block-list\"><li>la proximit\u00e9 : \u00e9vitez l&rsquo;\u00e9tranger et le lointain. Valorisez les structures dont vous pouvez rencontrer des responsables, voire le directeur du s\u00e9jour. Si ce n&rsquo;est pas trop loin, vous aurez peut-\u00eatre aussi l&rsquo;occasion d&rsquo;aller voir le b\u00e2timent, de \u00ab\u00a0sentir\u00a0\u00bb l&rsquo;ambiance ;<\/li><li>les \u00e9quipes \u00e9ducatives doivent \u00eatre qualifi\u00e9es et en nombre suffisant (il risque d&rsquo;y avoir des formations \u00e0 la va-vite, voire pour des personnes trop jeunes). N&rsquo;h\u00e9sitez pas \u00e0 demander s&rsquo;il y a des animateurs qui \u00e9taient d\u00e9j\u00e0 l\u00e0 l&rsquo;ann\u00e9e derni\u00e8re ;<\/li><li>privil\u00e9giez, pour cette ann\u00e9e, des locaux en dur ou de grandes tentes (type Marabout, avec des lits). \u00c9vitez les petites tentes, les campings et l&rsquo;itin\u00e9rance ;<\/li><li>comme on ignore si les parcs et mus\u00e9es seront ouvert, privil\u00e9giez les activit\u00e9s traditionnelles comme des grands jeux, des activit\u00e9s manuelles, scientifiques, \u00e0 la ferme, des randonn\u00e9es&#8230; organis\u00e9es par l&rsquo;\u00e9quipe d&rsquo;animation, qui contr\u00f4lera alors l&rsquo;organisation et pourra l&rsquo;adapter au contexte.<\/li><li>\u00c9vitez les \u00ab\u00a0grands\u00a0\u00bb organisateurs (structures proposant de nombreux s\u00e9jours, tr\u00e8s \u00e9loign\u00e9s les uns des autres) . Ils sont un peu trop \u00ab\u00a0tourisme\u00a0\u00bb et pas assez \u00ab\u00a0\u00e9ducatifs\u00a0\u00bb. V\u00e9rifiez s&rsquo;ils vous feront des avoirs ou des remboursement en cas d&rsquo;annulation des s\u00e9jours.<\/li><\/ul>\n\n\n\n<p>Enfin, sachez que <span style=\"color:#a32c00\" class=\"has-inline-color\">toutes les colos sont d\u00e9clar\u00e9es et donc qu&rsquo;elles respecteront les \u00e9ventuelles consignes<\/span> qui pourraient \u00eatre donn\u00e9es par l&rsquo;Etat entre maintenant et la fin des s\u00e9jours. <\/p>\n","protected":false},"excerpt":{"rendered":"<p>En ce mois d&rsquo;avril, fin des vacances de printemps, il est temps de se pr\u00e9occuper des vacances pour les enfants cet \u00e9t\u00e9. Y aura-t-il des colos ? si oui lesquelles ? Quelques informations circulent, mais elles ne sont pas claires, du moins pas encore. Le premier point qui doit nous inqui\u00e9ter, c&rsquo;est la r\u00e9ponse syst\u00e9matique [&hellip;]<\/p>\n","protected":false},"author":3,"featured_media":0,"parent":1093,"menu_order":0,"comment_status":"closed","ping_status":"closed","template":"","meta":{"footnotes":""},"class_list":["post-1025","page","type-page","status-publish","hentry"],"_links":{"self":[{"href":"https:\/\/lemuseedelacolo.fr\/index.php?rest_route=\/wp\/v2\/pages\/1025","targetHints":{"allow":["GET"]}}],"collection":[{"href":"https:\/\/lemuseedelacolo.fr\/index.php?rest_route=\/wp\/v2\/pages"}],"about":[{"href":"https:\/\/lemuseedelacolo.fr\/index.php?rest_route=\/wp\/v2\/types\/page"}],"author":[{"embeddable":true,"href":"https:\/\/lemuseedelacolo.fr\/index.php?rest_route=\/wp\/v2\/users\/3"}],"replies":[{"embeddable":true,"href":"https:\/\/lemuseedelacolo.fr\/index.php?rest_route=%2Fwp%2Fv2%2Fcomments&post=1025"}],"version-history":[{"count":4,"href":"https:\/\/lemuseedelacolo.fr\/index.php?rest_route=\/wp\/v2\/pages\/1025\/revisions"}],"predecessor-version":[{"id":1029,"href":"https:\/\/lemuseedelacolo.fr\/index.php?rest_route=\/wp\/v2\/pages\/1025\/revisions\/1029"}],"up":[{"embeddable":true,"href":"https:\/\/lemuseedelacolo.fr\/index.php?rest_route=\/wp\/v2\/pages\/1093"}],"wp:attachment":[{"href":"https:\/\/lemuseedelacolo.fr\/index.php?rest_route=%2Fwp%2Fv2%2Fmedia&parent=1025"}],"curies":[{"name":"wp","href":"https:\/\/api.w.org\/{rel}","templated":true}]}}