{"id":1022,"date":"2020-03-30T09:28:58","date_gmt":"2020-03-30T08:28:58","guid":{"rendered":"http:\/\/lemuseedelacolo.fr\/?page_id=1022"},"modified":"2021-12-22T19:20:16","modified_gmt":"2021-12-22T18:20:16","slug":"2020-3-un-nouveau-livre-sur-les-colos","status":"publish","type":"page","link":"https:\/\/lemuseedelacolo.fr\/?page_id=1022","title":{"rendered":"2020 3 : un nouveau livre sur les colos"},"content":{"rendered":"\n<p>Et si l&rsquo;on profitait du confinement pour lire un peu et se mettre \u00e0 jour dans la connaissance de l&rsquo;histoire des colos ?<\/p>\n\n\n\n<p>Julien Fuchs vient de publier, aux \u00e9ditions septentrion, \u00ab\u00a0L<em>e temps des jolies colonies de vacances, au c\u0153ur de la construction d&rsquo;un service public, 1944-1960<\/em>\u00ab\u00a0. Il s&rsquo;agit d&rsquo;un gros livre (412 p) accessible en e-book, indispensable en ce moment.<\/p>\n\n\n\n<p>Julien Fuchs propose une approche originale de l&rsquo;histoire des colonies. D&rsquo;abord il aborde une p\u00e9riode qui suit les recherches de Rey-Hermes (avec juste, h\u00e9las, le saut des ann\u00e9es de guerre), s&rsquo;inscrivant en compl\u00e9ment des travaux historiques de Houssaye, voire de Lee Downs. Ensuite, il a choisi d&rsquo;aborder le sujet principalement \u00e0 partir des archives du minist\u00e8re en charge de la jeunesse (ce qui pr\u00e9sente comment des dirigeants ont pris des d\u00e9cisions, avec quel r\u00e9seau, quelles informations&#8230;). De plus, Julien Fuchs a illustr\u00e9 ses recherches en s&rsquo;appuyant sur diff\u00e9rents films, ce qui n&rsquo;avait pas encore \u00e9t\u00e9 fait et qui donne de nouvelles r\u00e9f\u00e9rences  (et de nouvelles illustrations \u00e0 notre histoire).<\/p>\n\n\n\n<p>Le livre aborde des points essentiels comme les d\u00e9buts de la formation des animateurs et des directeurs de colonies, des points de r\u00e9glementation, la question des aides financi\u00e8res&#8230;<\/p>\n\n\n\n<p>Par contre, ce n&rsquo;est pas un livre de souvenirs. On ne va pas y retrouver l&rsquo;organisation d&rsquo;une veill\u00e9e ou d&rsquo;un grand jeu, des chansons ou des activit\u00e9s manuelles.<\/p>\n\n\n\n<p>Ce livre est \u00e9tonnamment actuel. Les probl\u00e9matiques des colonies de vacances, portant en plein d\u00e9veloppement, sont celles de bien des colos aujourd&rsquo;hui. On pourrait s&rsquo;\u00e9tonner, par exemple, des difficult\u00e9s de financement dues au d\u00e9sengagement de l&rsquo;Etat, d\u00e9j\u00e0 \u00e0 cette \u00e9poque.<\/p>\n\n\n\n<p>Ce livre est important dans la compr\u00e9hension de l&rsquo;histoire des colos, car il permet de mieux comprendre les \u00e9carts entre des colos plut\u00f4t sociales et d&rsquo;autre plut\u00f4t commerciales qui disparaissent ou apparaissent dans cet apr\u00e8s-guerre complexe. C&rsquo;est un livre indispensable pour ceux qui veulent \u00ab\u00a0parler\u00a0\u00bb des colos.<\/p>\n","protected":false},"excerpt":{"rendered":"<p>Et si l&rsquo;on profitait du confinement pour lire un peu et se mettre \u00e0 jour dans la connaissance de l&rsquo;histoire des colos ? Julien Fuchs vient de publier, aux \u00e9ditions septentrion, \u00ab\u00a0Le temps des jolies colonies de vacances, au c\u0153ur de la construction d&rsquo;un service public, 1944-1960\u00ab\u00a0. Il s&rsquo;agit d&rsquo;un gros livre (412 p) accessible [&hellip;]<\/p>\n","protected":false},"author":3,"featured_media":0,"parent":1093,"menu_order":0,"comment_status":"closed","ping_status":"closed","template":"","meta":{"footnotes":""},"class_list":["post-1022","page","type-page","status-publish","hentry"],"_links":{"self":[{"href":"https:\/\/lemuseedelacolo.fr\/index.php?rest_route=\/wp\/v2\/pages\/1022","targetHints":{"allow":["GET"]}}],"collection":[{"href":"https:\/\/lemuseedelacolo.fr\/index.php?rest_route=\/wp\/v2\/pages"}],"about":[{"href":"https:\/\/lemuseedelacolo.fr\/index.php?rest_route=\/wp\/v2\/types\/page"}],"author":[{"embeddable":true,"href":"https:\/\/lemuseedelacolo.fr\/index.php?rest_route=\/wp\/v2\/users\/3"}],"replies":[{"embeddable":true,"href":"https:\/\/lemuseedelacolo.fr\/index.php?rest_route=%2Fwp%2Fv2%2Fcomments&post=1022"}],"version-history":[{"count":1,"href":"https:\/\/lemuseedelacolo.fr\/index.php?rest_route=\/wp\/v2\/pages\/1022\/revisions"}],"predecessor-version":[{"id":1023,"href":"https:\/\/lemuseedelacolo.fr\/index.php?rest_route=\/wp\/v2\/pages\/1022\/revisions\/1023"}],"up":[{"embeddable":true,"href":"https:\/\/lemuseedelacolo.fr\/index.php?rest_route=\/wp\/v2\/pages\/1093"}],"wp:attachment":[{"href":"https:\/\/lemuseedelacolo.fr\/index.php?rest_route=%2Fwp%2Fv2%2Fmedia&parent=1022"}],"curies":[{"name":"wp","href":"https:\/\/api.w.org\/{rel}","templated":true}]}}