{"id":1008,"date":"2019-12-29T15:11:07","date_gmt":"2019-12-29T14:11:07","guid":{"rendered":"http:\/\/lemuseedelacolo.fr\/?page_id=1008"},"modified":"2020-02-29T14:58:18","modified_gmt":"2020-02-29T13:58:18","slug":"2019-12-decembre-pour-finir-lannee","status":"publish","type":"page","link":"https:\/\/lemuseedelacolo.fr\/?page_id=1008","title":{"rendered":"2019 12 d\u00e9cembre : pour finir l&rsquo;ann\u00e9e"},"content":{"rendered":"\n<p>Pour cl\u00f4turer cette ann\u00e9e, voil\u00e0 comment dans les ann\u00e9es 1980, une revue conseillait les enfants qui devaient pr\u00e9parer le sac-\u00e0-dos pour partir en colo. Certes, c&rsquo;est discutable (surtout l&rsquo;aspirine), mais cela reste bien dans l&rsquo;esprit du Mus\u00e9e : que disait-on des colos, quand est o\u00f9.<\/p>\n\n\n\n<p>Ici, soyons pr\u00e9cis, il s&rsquo;agit de \u00ab\u00a0Picsou Magazine\u00a0\u00bb, n\u00b0100 bis, de juin 1980.<\/p>\n\n\n\n<figure class=\"wp-block-image size-large\"><img loading=\"lazy\" decoding=\"async\" width=\"683\" height=\"1024\" src=\"https:\/\/lemuseedelacolo.fr\/wp-content\/uploads\/2019\/12\/img572-683x1024.jpg\" alt=\"\" class=\"wp-image-1009\" srcset=\"https:\/\/lemuseedelacolo.fr\/wp-content\/uploads\/2019\/12\/img572-683x1024.jpg 683w, https:\/\/lemuseedelacolo.fr\/wp-content\/uploads\/2019\/12\/img572-200x300.jpg 200w, https:\/\/lemuseedelacolo.fr\/wp-content\/uploads\/2019\/12\/img572-768x1151.jpg 768w, https:\/\/lemuseedelacolo.fr\/wp-content\/uploads\/2019\/12\/img572-1025x1536.jpg 1025w, https:\/\/lemuseedelacolo.fr\/wp-content\/uploads\/2019\/12\/img572-1367x2048.jpg 1367w, https:\/\/lemuseedelacolo.fr\/wp-content\/uploads\/2019\/12\/img572-624x935.jpg 624w, https:\/\/lemuseedelacolo.fr\/wp-content\/uploads\/2019\/12\/img572-scaled.jpg 1708w\" sizes=\"auto, (max-width: 683px) 100vw, 683px\" \/><\/figure>\n\n\n\n<figure class=\"wp-block-image size-large\"><img loading=\"lazy\" decoding=\"async\" width=\"683\" height=\"1024\" src=\"https:\/\/lemuseedelacolo.fr\/wp-content\/uploads\/2019\/12\/img573-683x1024.jpg\" alt=\"\" class=\"wp-image-1010\" srcset=\"https:\/\/lemuseedelacolo.fr\/wp-content\/uploads\/2019\/12\/img573-683x1024.jpg 683w, https:\/\/lemuseedelacolo.fr\/wp-content\/uploads\/2019\/12\/img573-200x300.jpg 200w, https:\/\/lemuseedelacolo.fr\/wp-content\/uploads\/2019\/12\/img573-768x1151.jpg 768w, https:\/\/lemuseedelacolo.fr\/wp-content\/uploads\/2019\/12\/img573-1025x1536.jpg 1025w, https:\/\/lemuseedelacolo.fr\/wp-content\/uploads\/2019\/12\/img573-1367x2048.jpg 1367w, https:\/\/lemuseedelacolo.fr\/wp-content\/uploads\/2019\/12\/img573-624x935.jpg 624w, https:\/\/lemuseedelacolo.fr\/wp-content\/uploads\/2019\/12\/img573-scaled.jpg 1708w\" sizes=\"auto, (max-width: 683px) 100vw, 683px\" \/><\/figure>\n\n\n\n<p><\/p>\n","protected":false},"excerpt":{"rendered":"<p>Pour cl\u00f4turer cette ann\u00e9e, voil\u00e0 comment dans les ann\u00e9es 1980, une revue conseillait les enfants qui devaient pr\u00e9parer le sac-\u00e0-dos pour partir en colo. Certes, c&rsquo;est discutable (surtout l&rsquo;aspirine), mais cela reste bien dans l&rsquo;esprit du Mus\u00e9e : que disait-on des colos, quand est o\u00f9. Ici, soyons pr\u00e9cis, il s&rsquo;agit de \u00ab\u00a0Picsou Magazine\u00a0\u00bb, n\u00b0100 bis, [&hellip;]<\/p>\n","protected":false},"author":3,"featured_media":0,"parent":1013,"menu_order":0,"comment_status":"closed","ping_status":"closed","template":"","meta":{"footnotes":""},"class_list":["post-1008","page","type-page","status-publish","hentry"],"_links":{"self":[{"href":"https:\/\/lemuseedelacolo.fr\/index.php?rest_route=\/wp\/v2\/pages\/1008","targetHints":{"allow":["GET"]}}],"collection":[{"href":"https:\/\/lemuseedelacolo.fr\/index.php?rest_route=\/wp\/v2\/pages"}],"about":[{"href":"https:\/\/lemuseedelacolo.fr\/index.php?rest_route=\/wp\/v2\/types\/page"}],"author":[{"embeddable":true,"href":"https:\/\/lemuseedelacolo.fr\/index.php?rest_route=\/wp\/v2\/users\/3"}],"replies":[{"embeddable":true,"href":"https:\/\/lemuseedelacolo.fr\/index.php?rest_route=%2Fwp%2Fv2%2Fcomments&post=1008"}],"version-history":[{"count":1,"href":"https:\/\/lemuseedelacolo.fr\/index.php?rest_route=\/wp\/v2\/pages\/1008\/revisions"}],"predecessor-version":[{"id":1011,"href":"https:\/\/lemuseedelacolo.fr\/index.php?rest_route=\/wp\/v2\/pages\/1008\/revisions\/1011"}],"up":[{"embeddable":true,"href":"https:\/\/lemuseedelacolo.fr\/index.php?rest_route=\/wp\/v2\/pages\/1013"}],"wp:attachment":[{"href":"https:\/\/lemuseedelacolo.fr\/index.php?rest_route=%2Fwp%2Fv2%2Fmedia&parent=1008"}],"curies":[{"name":"wp","href":"https:\/\/api.w.org\/{rel}","templated":true}]}}