{"id":1002,"date":"2019-09-18T15:49:46","date_gmt":"2019-09-18T14:49:46","guid":{"rendered":"http:\/\/lemuseedelacolo.fr\/?page_id=1002"},"modified":"2020-02-29T14:57:44","modified_gmt":"2020-02-29T13:57:44","slug":"2019-07-juillet-les-colonies-des-alpes-maritimes","status":"publish","type":"page","link":"https:\/\/lemuseedelacolo.fr\/?page_id=1002","title":{"rendered":"2019 07 Juillet : Les colonies des Alpes-Maritimes"},"content":{"rendered":"\n<p>Nous avons le plaisir d\u2019annoncer la publication du premier tome\nde l\u2019histoire des colonies de vacances des Alpes-Maritimes. Il s\u2019agit d\u2019un\npetit livre (170 p) \u00e9crit par Eric Carton, richement illustr\u00e9 par Jos\u00e9 Maria\n(Pr\u00e9sident de l\u2019association d\u00e9partementale des Cartophiles) par plus de 70\ncartes postales\u2026 de colos). Philippe Barbet (ancien Inspecteur DDJS) a sign\u00e9 la\npr\u00e9face. <\/p>\n\n\n\n<div class=\"wp-block-image\"><figure class=\"aligncenter is-resized\"><img loading=\"lazy\" decoding=\"async\" src=\"https:\/\/lemuseedelacolo.fr\/wp-content\/uploads\/2019\/09\/img041-662x1024.jpg\" alt=\"\" class=\"wp-image-1003\" width=\"292\" height=\"451\" srcset=\"https:\/\/lemuseedelacolo.fr\/wp-content\/uploads\/2019\/09\/img041-662x1024.jpg 662w, https:\/\/lemuseedelacolo.fr\/wp-content\/uploads\/2019\/09\/img041-194x300.jpg 194w, https:\/\/lemuseedelacolo.fr\/wp-content\/uploads\/2019\/09\/img041-768x1188.jpg 768w, https:\/\/lemuseedelacolo.fr\/wp-content\/uploads\/2019\/09\/img041-624x966.jpg 624w, https:\/\/lemuseedelacolo.fr\/wp-content\/uploads\/2019\/09\/img041.jpg 1816w\" sizes=\"auto, (max-width: 292px) 100vw, 292px\" \/><\/figure><\/div>\n\n\n\n<p>Apr\u00e8s une rapide histoire des colonies de vacances en France, ce\nlivre pr\u00e9sente les 75 premi\u00e8res colonies ayant fonctionn\u00e9 dans les\nAlpes-Maritimes (soit les colos cr\u00e9\u00e9es de 1906 \u00e0 1949). <\/p>\n\n\n\n<p>N\u00b01 Les Enfants \u00e0 la Montagne \u00e0 Saint-L\u00e9ger,\nBerthemont-les-Bains et Saint-Martin-V\u00e9subie<\/p>\n\n\n\n<p>N\u00b02 Le Sou des Ecoles La\u00efques \u00e0 Saint-Martin-V\u00e9subie,\nPe\u00efra-Cava, Entrevaux et enfin La Boll\u00e8ne V\u00e9subie<\/p>\n\n\n\n<p>N\u00b03 La Condamine de Nice \u00e0 Venanson et \u00e0 Berthemont-les-Bains<\/p>\n\n\n\n<p>N\u00b04\nLa Caisse des Ecoles de Cannes \u00e0 Saint-Vallier<\/p>\n\n\n\n<p>N\u00b05\nL&rsquo;Orphelinat des Arm\u00e9es \u00e0 Sospel au col Saint-Jean<\/p>\n\n\n\n<p>N\u00b06\nLes Anciens Combattants \u00e0 Saint-Etienne-de-Tin\u00e9e<\/p>\n\n\n\n<p>N\u00b07\nLes Anciens Combattants \u00e0 Saint-Martin-V\u00e9subie<\/p>\n\n\n\n<p>N\u00b08\nLa Caisse des Ecoles du Cannet \u00e0 Gr\u00e9oli\u00e8res<\/p>\n\n\n\n<p>N\u00b09\nLa Mairie d&rsquo;Antibes \u00e0 Saint-Vallier-de-Thiey<\/p>\n\n\n\n<p>N\u00b010\nL&rsquo;association mentonnaise des Enfants \u00e0 la Montagne \u00e0 Fontan<\/p>\n\n\n\n<p>N\u00b011\nLe Domaine des Courmettes \u00e0 Tourettes sur Loup<\/p>\n\n\n\n<p>N\u00b012 Le Sou des Ecoles de Grasse \u00e0 Saint-Vallier<\/p>\n\n\n\n<p>N\u00b013 Notre-Dame de la Pin\u00e8de de Juan-les Pins \u00e0\nValderoure<\/p>\n\n\n\n<p>N\u00b014 Don Bosco (Patronage Saint-Pierre) de Nice \u00e0\nCaussols<\/p>\n\n\n\n<p>N\u00b015 L&rsquo;association dioc\u00e9saine \u00e0 Carros<\/p>\n\n\n\n<p>N\u00b016 Saint-Beno\u00eet d&rsquo;Antibes \u00e0 Thorenc<\/p>\n\n\n\n<p>N\u00b017 Le Bon Accueil de Nice \u00e0 Bendejun et Thorenc et\nLa Maison Marie-Immacul\u00e9e de Nice \u00e0 &nbsp;&nbsp;&nbsp;&nbsp;&nbsp;&nbsp;&nbsp;&nbsp;&nbsp;&nbsp;&nbsp;&nbsp;&nbsp;&nbsp;&nbsp; Thorenc<\/p>\n\n\n\n<p>N\u00b018 La colonie La Bonne Brise de Nice puis Menton \u00e0\nCastagniers<\/p>\n\n\n\n<p>N\u00b019 Notre-Dame-de-Joye de Cannes \u00e0 Caussols<\/p>\n\n\n\n<p>N\u00b020 La Sainte-Famille de Cannes \u00e0 P\u00e9gomas puis dans\nun autre d\u00e9partement<\/p>\n\n\n\n<p>N\u00b021 L&rsquo;Ange Gardien de Nice \u00e0 La Boll\u00e8ne-V\u00e9subie et\n\u00e0 Berthemont-les-Bains<\/p>\n\n\n\n<p>N\u00b022 Saint-Pierre d&rsquo;Ar\u00e8ne de Nice \u00e0 Levens, La\nBrigue et Guillaume<\/p>\n\n\n\n<p>N\u00b023 Notre Maison de Nice \u00e0 Berthemont-les-Bains<\/p>\n\n\n\n<p>N\u00b024 La Maison Blanche de Nice \u00e0 Moulinet<\/p>\n\n\n\n<p>N\u00b025 Le Fourneau Saint-Mathieu de Cannes \u00e0\nPuget-Th\u00e9niers<\/p>\n\n\n\n<p>N\u00b026 La Vigilante de Notre-Dame-Auxiliatrice de Nice\n\u00e0 Roquebilli\u00e8re<\/p>\n\n\n\n<p>N\u00b027 La Cr\u00e8che de Grasse \u00e0 Thorenc<\/p>\n\n\n\n<p>N\u00b028 \u00ab\u00a0En\nAvant\u00a0\u00bb de Nice \u00e0 Saorge et Pont-de-Clans<\/p>\n\n\n\n<p>N\u00b029\nLa F\u00e9d\u00e9ration des Colonies de Vacances des Alpes maritimes sur l&rsquo;\u00eele\nSainte-Marguerite<\/p>\n\n\n\n<p>N\u00b030\nLes Assurances Sociales \u00e0 Thorenc<\/p>\n\n\n\n<p>N\u00b031\nLes Pupilles de l&rsquo;Intransigeant \u00e0 Biot<\/p>\n\n\n\n<p>N\u00b032 L&rsquo;\u00e9cole Sainte-Marthe \u00e0 La Boll\u00e8ne-V\u00e9subie<\/p>\n\n\n\n<p>N\u00b033 Notre Dame du Cap, la colonie du Monast\u00e8re\nSainte-Claire de Nice<\/p>\n\n\n\n<p>N\u00b034 La Caisse des Ecoles de Vallauris \u00e0\nRoquebilli\u00e8re<\/p>\n\n\n\n<p>N\u00b035 La paroisse Sainte-Th\u00e9r\u00e8se de l&rsquo;enfant J\u00e9sus de\nNice \u00e0 Roquefort-les-Pins puis hors d\u00e9partement<\/p>\n\n\n\n<p>N\u00b036 Le Service Social de l&rsquo;Intendance de Police de\nThorenc \u00e0 La Boll\u00e8ne-V\u00e9subie<\/p>\n\n\n\n<p>N\u00b037 L&rsquo;orphelinat de Nazareth de la Colle-sur-Loup \u00e0\nSaint-Etienne-de-Tin\u00e9e<\/p>\n\n\n\n<p>N\u00b038 La Cit\u00e9 Pauliani de Nice de Saint-Andr\u00e9 \u00e0 Auron<\/p>\n\n\n\n<p>N\u00b039 La colonie Stanislas de Paris \u00e0 Nice<\/p>\n\n\n\n<p>N\u00b040\nLa Ligue de la M\u00e8re au foyer de Nice \u00e0 Laghet, Coaraze et Nice<\/p>\n\n\n\n<p>N\u00b041\nLe Rayon de Soleil de Cannes \u00e0 Cannes<\/p>\n\n\n\n<p>N\u00b042\nLe Rabuons \u00e0 Beuil, puis \u00e0 Saint-Etienne-de-Tin\u00e9e<\/p>\n\n\n\n<p>N\u00b043 Les P.T.T. \u00e0 Thorenc, Berthemont-les-Bains et\nThorame<\/p>\n\n\n\n<p>N\u00b044 La colonie du C.E.J.A.M. \u00e0 Rimplas et\nValdeblore<\/p>\n\n\n\n<p>N\u00b045 La colonie R.C.A. \u00e0 L\u00e9ouv\u00e9 puis Annot<\/p>\n\n\n\n<p>N\u00b046 La Ligue de l\u2019Enseignement \u00e0 Bendejun puis\nValdeblore<\/p>\n\n\n\n<p>N\u00b047 L&rsquo;Etoile Saint-Barth\u00e9lemy \u00e0 Utelle puis \u00e0\nGuillaume<\/p>\n\n\n\n<p>N\u00b048 Le C.E. des Aci\u00e9ries du Nord \u00e0 Malamaire puis \u00e0\nThorenc<\/p>\n\n\n\n<p>N\u00b049 Les colonies de Beausoleil : Roubion,\nBerthemont, Peille et Pe\u00efra-Cava<\/p>\n\n\n\n<p>N\u00b050 Le Comit\u00e9 de l&rsquo;Enfance de Vence \u00e0\nSaint-Dalmas-le-Selvage<\/p>\n\n\n\n<p>N\u00b051 L&rsquo;Etoile \u00e0 P\u00e9one puis Bant\u00e9s (et l&rsquo;Elan \u00e0\nBant\u00e9s)<\/p>\n\n\n\n<p>N\u00b052 L&rsquo;Union des Femmes Fran\u00e7aises de\nSaint-Sauveur-sur-Tin\u00e9e \u00e0 Saint-Dalmas-le-Selvage<\/p>\n\n\n\n<p>N\u00b053 La ville de Nice \u00e0 la Boll\u00e8ne-V\u00e9subie<\/p>\n\n\n\n<p>N\u00b054 La Caisse d&rsquo;Allocations Familiales des\nAlpes-Maritimes aux Granges de la Brasque<\/p>\n\n\n\n<p>N\u00b055 La Ligue de l\u2019Enseignement \u00e0 Beauvezer,\nSaint-Martin-V\u00e9subie puis Breil-sur Roya<\/p>\n\n\n\n<p>N\u00b056 La Ligue de l\u2019Enseignement au Cros-de-Cagnes<\/p>\n\n\n\n<p>N\u00b057 La colonie de la Roseraie \u00e0 Nice<\/p>\n\n\n\n<p>N\u00b058 Le Service Social de l&rsquo;Arm\u00e9e \u00e0 Lantosque<\/p>\n\n\n\n<p>N\u00b059 Le S\u00e9minaire Saint-Paul \u00e0 Cannes et ses\ncolonies<\/p>\n\n\n\n<p>N\u00b060 La soci\u00e9t\u00e9 Houill\u00e8res de Sarre et Moselle au\nChalet G\u00e9r\u00f4me \u00e0 Cannes <\/p>\n\n\n\n<p>N\u00b061 La Caisse d&rsquo;Allocations Familiales des\nBouches-du-Rh\u00f4ne \u00e0 Mandelieu-la-Napoule<\/p>\n\n\n\n<p>N\u00b062 La colonie S.N.C.F. du grand pin \u00e0 Antibes<\/p>\n\n\n\n<p>N\u00b063 La colonie S.N.C.F. \u00ab\u00a0Les Cigales\u00a0\u00bb \u00e0\nFontan<\/p>\n\n\n\n<p>N\u00b064 La Ville de Nice \u00e0 Saint-Sauveur-sur-Tin\u00e9e puis\n\u00e0 Beauvezer<\/p>\n\n\n\n<p>N\u00b065 La colonie du C.C.A.S. de Nice \u00e0\nBerthemont-les-Bains<\/p>\n\n\n\n<p>N\u00b066 La colonie de la Semeuse de Nice \u00e0 Saint-Grat\n(Gordolasque)<\/p>\n\n\n\n<p>N\u00b067 La colonie Juvenroc de Roquebilli\u00e8re \u00e0\nRoquebilli\u00e8re<\/p>\n\n\n\n<p>N\u00b068 La Caisse d&rsquo;Allocations Familiales des\nAlpes-Maritimes \u00e0 Villeneuve-Loubet <\/p>\n\n\n\n<p>N\u00b069 L&rsquo;Action Sociale des Arm\u00e9es \u00e0 Pe\u00efra-Cava<\/p>\n\n\n\n<p>N\u00b070 La colonie de Monaco \u00e0 Pe\u00efra-Cava<\/p>\n\n\n\n<p>N\u00b071 De Sainte-Roseline \u00e0 Sainte-Agn\u00e8s \u00e0 Notre\nDame-de-la-Joie \u00e0 Beuil-les-Launes<\/p>\n\n\n\n<p>N\u00b072 La Chambre Syndicale des Parfumeurs des\nAlpes-Maritimes \u00e0 Thorenc<\/p>\n\n\n\n<p>N\u00b073 La colonie S.N.C.F. \u00ab\u00a0Les Lucioles\u00a0\u00bb \u00e0\nSaint-Dalmas-de-Tende<\/p>\n\n\n\n<p>N\u00b074 L&rsquo;Union des Vaillants et Vaillantes \u00e0 Saint-C\u00e9zaire\net les Pionniers de France \u00e0 la Gordolasque<\/p>\n\n\n\n<p>N\u00b075 La Ville de Nice au Camp du Bor\u00e9on \u00e0\nSaint-Martin-V\u00e9subie<\/p>\n\n\n\n<p>Le tome 2 pr\u00e9vu pour fin septembre 2019 pr\u00e9sentera les colos\ncr\u00e9\u00e9es entre 1950 et 2000. Enfin le tome 3 (pr\u00e9vu pour d\u00e9cembre 2019)\npr\u00e9sentera la \u00ab&nbsp;vie&nbsp;\u00bb dans ces colos des Alpes-Maritimes.<\/p>\n","protected":false},"excerpt":{"rendered":"<p>Nous avons le plaisir d\u2019annoncer la publication du premier tome de l\u2019histoire des colonies de vacances des Alpes-Maritimes. Il s\u2019agit d\u2019un petit livre (170 p) \u00e9crit par Eric Carton, richement illustr\u00e9 par Jos\u00e9 Maria (Pr\u00e9sident de l\u2019association d\u00e9partementale des Cartophiles) par plus de 70 cartes postales\u2026 de colos). Philippe Barbet (ancien Inspecteur DDJS) a sign\u00e9 [&hellip;]<\/p>\n","protected":false},"author":3,"featured_media":0,"parent":1013,"menu_order":0,"comment_status":"closed","ping_status":"closed","template":"","meta":{"footnotes":""},"class_list":["post-1002","page","type-page","status-publish","hentry"],"_links":{"self":[{"href":"https:\/\/lemuseedelacolo.fr\/index.php?rest_route=\/wp\/v2\/pages\/1002","targetHints":{"allow":["GET"]}}],"collection":[{"href":"https:\/\/lemuseedelacolo.fr\/index.php?rest_route=\/wp\/v2\/pages"}],"about":[{"href":"https:\/\/lemuseedelacolo.fr\/index.php?rest_route=\/wp\/v2\/types\/page"}],"author":[{"embeddable":true,"href":"https:\/\/lemuseedelacolo.fr\/index.php?rest_route=\/wp\/v2\/users\/3"}],"replies":[{"embeddable":true,"href":"https:\/\/lemuseedelacolo.fr\/index.php?rest_route=%2Fwp%2Fv2%2Fcomments&post=1002"}],"version-history":[{"count":2,"href":"https:\/\/lemuseedelacolo.fr\/index.php?rest_route=\/wp\/v2\/pages\/1002\/revisions"}],"predecessor-version":[{"id":1018,"href":"https:\/\/lemuseedelacolo.fr\/index.php?rest_route=\/wp\/v2\/pages\/1002\/revisions\/1018"}],"up":[{"embeddable":true,"href":"https:\/\/lemuseedelacolo.fr\/index.php?rest_route=\/wp\/v2\/pages\/1013"}],"wp:attachment":[{"href":"https:\/\/lemuseedelacolo.fr\/index.php?rest_route=%2Fwp%2Fv2%2Fmedia&parent=1002"}],"curies":[{"name":"wp","href":"https:\/\/api.w.org\/{rel}","templated":true}]}}